{"id":661,"date":"2016-08-01T13:13:40","date_gmt":"2016-08-01T13:13:40","guid":{"rendered":"http:\/\/tellermate.spindogs4.co.uk\/?page_id=661"},"modified":"2023-09-01T12:35:23","modified_gmt":"2023-09-01T12:35:23","slug":"support","status":"publish","type":"page","link":"https:\/\/www.tellermate.com\/fr\/support\/","title":{"rendered":"Assistance"},"content":{"rendered":"<h1 style=\"text-align: left;\">T-Cover 2019<\/h1>\n<h4 style=\"text-align: left;\"><span style=\"color: #0066a1;\">Choisissez le forfait qui correspond le mieux \u00e0 vos besoins.<br \/>\n<\/span><\/h4>\n<p style=\"text-align: left;\">Nos clients savent qu\u2019ils peuvent compter leur caisse en moins de 60 secondes gr\u00e2ce \u00e0 nos produits. Ils n\u2019auront donc plus jamais recours au comptage manuel. Nous avons tellement confiance en la fiabilit\u00e9 de nos compteuses, leaders sur le march\u00e9 au niveau mondial, que nous offrons une garantie standard de 5 ans. Cependant, pour plus de tranquillit\u00e9 d\u2019esprit et l\u2019assurance que vous pourrez utiliser votre produit sans interruption, vous pouvez choisir l\u2019un de nos contrats de maintenance.<\/p>\n<h4 style=\"text-align: left;\"><span style=\"color: #0066a1;\">Classic ou Platinum\u00a0<\/span><\/h4>\n<p style=\"text-align: left;\">Si notre \u00e9quipe d\u2019assistance technique ne peut r\u00e9soudre votre probl\u00e8me (la grande majorit\u00e9 des appels \u00e9tant r\u00e9solus en quelques minutes) , notre service \u00ab \u00c9changes \u00bb vous permet de recevoir une compteuse de remplacement rapidement afin que vous puissiez reprendre votre activit\u00e9 d\u00e8s que possible. Nous vous fournirons \u00e9galement l\u2019assistance dont vous aurez besoin lorsque la mise en circulation de nouvelles devises menace de perturber vos op\u00e9rations de comptages quotidiennes.<\/p>\n<p style=\"text-align: left;\">Certaines questions d\u2019ordre pratique requi\u00e8rent diff\u00e9rents niveau de protection. Par exemple, certains clients d\u00e9sirent inclure imprimantes, c\u00e2bles et batteries dans leur contrat de maintenance. En choisissant cette option, vous n\u2019avez plus besoin de contacter votre service Approvisionnement pour passer commande : plus d\u2019attente, Tellermate vous fournit des accessoires de remplacement directement et sans d\u00e9lai.<\/p>\n<p style=\"text-align: left;\">Nous pouvons \u00e9galement vous fournir une protection contre les dommages accidentels (chutes, liquide renvers\u00e9). Les produits Tellermate sont construits pour durer, mais nous comprenons que certains environnements comportent plus de risques que d\u2019autres.<\/p>\n<p style=\"text-align: left;\"><strong>Contact number: 01 57 32 39 12<\/strong><\/p>\n<h4 id=\"ui-accordion-accordion-header-3\" class=\"ui-accordion-header ui-helper-reset ui-state-default ui-accordion-icons ui-state-focus ui-corner-all\"><span style=\"color: #0066a1;\">Politique DEEE<\/span><\/h4>\n<p>Tellermate a dans l\u2019obligation d\u2019assurer correctement le traitement des \u00e9quipements \u00e9lectriques et \u00e9lectroniques que nous fabriquons quand ceux-ci arrivent en fin de vie. Les utilisateurs professionnels ou non domestiques devraient nous retourner tous les produits en fin de vie afin d\u2019en disposer correctement. Vous pouvez contacter Tellermate pour convenir du retour de ces articles sur 01 57 32 39 12\u00a0Cependant, nous ne sommes pas dans l\u2019obligation de payer les frais de port\u00a0 pour le retour du B2B WEEE.<\/p>\n<p><strong>Num\u00e9ros d\u2019enregistrement<\/strong>: WEE\/FR021663<\/p>\n<h4 style=\"text-align: left;\"><span style=\"color: #0066a1;\">Document Downloads<\/span><\/h4>\n<p><a href=\"http:\/\/info.tellermate.com\/hubfs\/T-Cover_Relaunch_French.pdf\" target=\"_blank\" rel=\"noopener noreferrer\">T-Cover PDF<br \/>\n<\/a><a href=\"http:\/\/info.tellermate.com\/hubfs\/Warranty%20Info%20sheet%20for%20customers%20(France).pdf\" target=\"_blank\" rel=\"noopener noreferrer\">Warranty Information<\/a><br \/>\n<a href=\"http:\/\/cdn2.hubspot.net\/hub\/264336\/file-459534867-pdf\/Documents\/T-Cover_User_Guides\/T-ix_User_guide_french.pdf?t=1473339539831\" target=\"_blank\" rel=\"noopener noreferrer\">T-i<sup>x<\/sup> User Guide<\/a><\/p>\n<h4 style=\"text-align: left;\"><span style=\"color: #0066a1;\">Support Resources<\/span><\/h4>\n<p><a href=\"\/fr\/ty-end-life\/\">TY End of Life<\/a><\/p>\n","protected":false},"excerpt":{"rendered":"<p>T-Cover 2019 Choisissez le forfait qui correspond le mieux \u00e0&#8230;<\/p>\n","protected":false},"author":1,"featured_media":0,"parent":0,"menu_order":0,"comment_status":"closed","ping_status":"closed","template":"","meta":{"_acf_changed":false,"content-type":"","footnotes":""},"class_list":["post-661","page","type-page","status-publish","hentry"],"acf":[],"yoast_head":"<!-- This site is optimized with the Yoast SEO plugin v27.4 - https:\/\/yoast.com\/product\/yoast-seo-wordpress\/ -->\n<title>Assistance - Tellermate France<\/title>\n<meta name=\"robots\" content=\"index, follow, max-snippet:-1, max-image-preview:large, max-video-preview:-1\" \/>\n<link rel=\"canonical\" href=\"https:\/\/www.tellermate.com\/fr\/support\/\" \/>\n<meta property=\"og:locale\" content=\"en_US\" \/>\n<meta property=\"og:type\" content=\"article\" \/>\n<meta property=\"og:title\" content=\"Assistance - Tellermate France\" \/>\n<meta property=\"og:description\" content=\"T-Cover 2019 Choisissez le forfait qui correspond le mieux \u00e0...\" \/>\n<meta property=\"og:url\" content=\"https:\/\/www.tellermate.com\/fr\/support\/\" \/>\n<meta property=\"og:site_name\" content=\"Tellermate France\" \/>\n<meta property=\"article:publisher\" content=\"https:\/\/www.facebook.com\/TellermateUK\/\" \/>\n<meta property=\"article:modified_time\" content=\"2023-09-01T12:35:23+00:00\" \/>\n<meta name=\"twitter:card\" content=\"summary_large_image\" \/>\n<meta name=\"twitter:site\" content=\"@Tellermate\" \/>\n<meta name=\"twitter:label1\" content=\"Est. reading time\" \/>\n\t<meta name=\"twitter:data1\" content=\"2 minutes\" \/>\n<script type=\"application\/ld+json\" class=\"yoast-schema-graph\">{\"@context\":\"https:\\\/\\\/schema.org\",\"@graph\":[{\"@type\":\"WebPage\",\"@id\":\"https:\\\/\\\/www.tellermate.com\\\/fr\\\/support\\\/\",\"url\":\"https:\\\/\\\/www.tellermate.com\\\/fr\\\/support\\\/\",\"name\":\"Assistance - Tellermate France\",\"isPartOf\":{\"@id\":\"https:\\\/\\\/www.tellermate.com\\\/fr\\\/#website\"},\"datePublished\":\"2016-08-01T13:13:40+00:00\",\"dateModified\":\"2023-09-01T12:35:23+00:00\",\"breadcrumb\":{\"@id\":\"https:\\\/\\\/www.tellermate.com\\\/fr\\\/support\\\/#breadcrumb\"},\"inLanguage\":\"en-US\",\"potentialAction\":[{\"@type\":\"ReadAction\",\"target\":[\"https:\\\/\\\/www.tellermate.com\\\/fr\\\/support\\\/\"]}]},{\"@type\":\"BreadcrumbList\",\"@id\":\"https:\\\/\\\/www.tellermate.com\\\/fr\\\/support\\\/#breadcrumb\",\"itemListElement\":[{\"@type\":\"ListItem\",\"position\":1,\"name\":\"Home\",\"item\":\"https:\\\/\\\/www.tellermate.com\\\/fr\\\/\"},{\"@type\":\"ListItem\",\"position\":2,\"name\":\"Assistance\"}]},{\"@type\":\"WebSite\",\"@id\":\"https:\\\/\\\/www.tellermate.com\\\/fr\\\/#website\",\"url\":\"https:\\\/\\\/www.tellermate.com\\\/fr\\\/\",\"name\":\"Tellermate France\",\"description\":\"Tellermate France\",\"publisher\":{\"@id\":\"https:\\\/\\\/www.tellermate.com\\\/fr\\\/#organization\"},\"potentialAction\":[{\"@type\":\"SearchAction\",\"target\":{\"@type\":\"EntryPoint\",\"urlTemplate\":\"https:\\\/\\\/www.tellermate.com\\\/fr\\\/?s={search_term_string}\"},\"query-input\":{\"@type\":\"PropertyValueSpecification\",\"valueRequired\":true,\"valueName\":\"search_term_string\"}}],\"inLanguage\":\"en-US\"},{\"@type\":\"Organization\",\"@id\":\"https:\\\/\\\/www.tellermate.com\\\/fr\\\/#organization\",\"name\":\"Tellermate France\",\"url\":\"https:\\\/\\\/www.tellermate.com\\\/fr\\\/\",\"logo\":{\"@type\":\"ImageObject\",\"inLanguage\":\"en-US\",\"@id\":\"https:\\\/\\\/www.tellermate.com\\\/fr\\\/#\\\/schema\\\/logo\\\/image\\\/\",\"url\":\"https:\\\/\\\/www.tellermate.com\\\/fr\\\/wp-content\\\/uploads\\\/sites\\\/10\\\/2022\\\/11\\\/Tellermate-logo-about-us-1024x218-1.png\",\"contentUrl\":\"https:\\\/\\\/www.tellermate.com\\\/fr\\\/wp-content\\\/uploads\\\/sites\\\/10\\\/2022\\\/11\\\/Tellermate-logo-about-us-1024x218-1.png\",\"width\":\"1024\",\"height\":\"218\",\"caption\":\"Tellermate France\"},\"image\":{\"@id\":\"https:\\\/\\\/www.tellermate.com\\\/fr\\\/#\\\/schema\\\/logo\\\/image\\\/\"},\"sameAs\":[\"https:\\\/\\\/www.facebook.com\\\/TellermateUK\\\/\",\"https:\\\/\\\/x.com\\\/Tellermate\",\"https:\\\/\\\/uk.linkedin.com\\\/company\\\/tellermate\",\"https:\\\/\\\/www.youtube.com\\\/channel\\\/UCM3JGD7r_jLesU5OSHHYvkA\"]}]}<\/script>\n<!-- \/ Yoast SEO plugin. -->","yoast_head_json":{"title":"Assistance - Tellermate France","robots":{"index":"index","follow":"follow","max-snippet":"max-snippet:-1","max-image-preview":"max-image-preview:large","max-video-preview":"max-video-preview:-1"},"canonical":"https:\/\/www.tellermate.com\/fr\/support\/","og_locale":"en_US","og_type":"article","og_title":"Assistance - Tellermate France","og_description":"T-Cover 2019 Choisissez le forfait qui correspond le mieux \u00e0...","og_url":"https:\/\/www.tellermate.com\/fr\/support\/","og_site_name":"Tellermate France","article_publisher":"https:\/\/www.facebook.com\/TellermateUK\/","article_modified_time":"2023-09-01T12:35:23+00:00","twitter_card":"summary_large_image","twitter_site":"@Tellermate","twitter_misc":{"Est. reading time":"2 minutes"},"schema":{"@context":"https:\/\/schema.org","@graph":[{"@type":"WebPage","@id":"https:\/\/www.tellermate.com\/fr\/support\/","url":"https:\/\/www.tellermate.com\/fr\/support\/","name":"Assistance - Tellermate France","isPartOf":{"@id":"https:\/\/www.tellermate.com\/fr\/#website"},"datePublished":"2016-08-01T13:13:40+00:00","dateModified":"2023-09-01T12:35:23+00:00","breadcrumb":{"@id":"https:\/\/www.tellermate.com\/fr\/support\/#breadcrumb"},"inLanguage":"en-US","potentialAction":[{"@type":"ReadAction","target":["https:\/\/www.tellermate.com\/fr\/support\/"]}]},{"@type":"BreadcrumbList","@id":"https:\/\/www.tellermate.com\/fr\/support\/#breadcrumb","itemListElement":[{"@type":"ListItem","position":1,"name":"Home","item":"https:\/\/www.tellermate.com\/fr\/"},{"@type":"ListItem","position":2,"name":"Assistance"}]},{"@type":"WebSite","@id":"https:\/\/www.tellermate.com\/fr\/#website","url":"https:\/\/www.tellermate.com\/fr\/","name":"Tellermate France","description":"Tellermate France","publisher":{"@id":"https:\/\/www.tellermate.com\/fr\/#organization"},"potentialAction":[{"@type":"SearchAction","target":{"@type":"EntryPoint","urlTemplate":"https:\/\/www.tellermate.com\/fr\/?s={search_term_string}"},"query-input":{"@type":"PropertyValueSpecification","valueRequired":true,"valueName":"search_term_string"}}],"inLanguage":"en-US"},{"@type":"Organization","@id":"https:\/\/www.tellermate.com\/fr\/#organization","name":"Tellermate France","url":"https:\/\/www.tellermate.com\/fr\/","logo":{"@type":"ImageObject","inLanguage":"en-US","@id":"https:\/\/www.tellermate.com\/fr\/#\/schema\/logo\/image\/","url":"https:\/\/www.tellermate.com\/fr\/wp-content\/uploads\/sites\/10\/2022\/11\/Tellermate-logo-about-us-1024x218-1.png","contentUrl":"https:\/\/www.tellermate.com\/fr\/wp-content\/uploads\/sites\/10\/2022\/11\/Tellermate-logo-about-us-1024x218-1.png","width":"1024","height":"218","caption":"Tellermate France"},"image":{"@id":"https:\/\/www.tellermate.com\/fr\/#\/schema\/logo\/image\/"},"sameAs":["https:\/\/www.facebook.com\/TellermateUK\/","https:\/\/x.com\/Tellermate","https:\/\/uk.linkedin.com\/company\/tellermate","https:\/\/www.youtube.com\/channel\/UCM3JGD7r_jLesU5OSHHYvkA"]}]}},"_links":{"self":[{"href":"https:\/\/www.tellermate.com\/fr\/wp-json\/wp\/v2\/pages\/661","targetHints":{"allow":["GET"]}}],"collection":[{"href":"https:\/\/www.tellermate.com\/fr\/wp-json\/wp\/v2\/pages"}],"about":[{"href":"https:\/\/www.tellermate.com\/fr\/wp-json\/wp\/v2\/types\/page"}],"author":[{"embeddable":true,"href":"https:\/\/www.tellermate.com\/fr\/wp-json\/wp\/v2\/users\/1"}],"replies":[{"embeddable":true,"href":"https:\/\/www.tellermate.com\/fr\/wp-json\/wp\/v2\/comments?post=661"}],"version-history":[{"count":42,"href":"https:\/\/www.tellermate.com\/fr\/wp-json\/wp\/v2\/pages\/661\/revisions"}],"predecessor-version":[{"id":4473,"href":"https:\/\/www.tellermate.com\/fr\/wp-json\/wp\/v2\/pages\/661\/revisions\/4473"}],"wp:attachment":[{"href":"https:\/\/www.tellermate.com\/fr\/wp-json\/wp\/v2\/media?parent=661"}],"curies":[{"name":"wp","href":"https:\/\/api.w.org\/{rel}","templated":true}]}}