{"id":1195,"date":"2016-09-12T13:01:29","date_gmt":"2016-09-12T13:01:29","guid":{"rendered":"http:\/\/tellermate.spindogs4.co.uk\/fr\/?page_id=1195"},"modified":"2018-07-13T09:13:07","modified_gmt":"2018-07-13T09:13:07","slug":"terms-and-conditions","status":"publish","type":"page","link":"https:\/\/www.tellermate.com\/fr\/terms-and-conditions\/","title":{"rendered":"Terms and Conditions"},"content":{"rendered":"<h1>Modalit\u00e9s et Conditions<\/h1>\n<p>Les informations disponibles sur ce site Web sont fournies uniquement dans le but de fournir des informations g\u00e9n\u00e9rales sur Tellermate.<\/p>\n<p>Bien que Tellermate ait pris toutes les mesures raisonnables pour assurer l\u2019exactitude de toutes les informations sur ce site au moment de leurs publications, Tellermate d\u00e9cline toute responsabilit\u00e9 pour toute \u00e9ventuelle inexactitude ou omission.<\/p>\n<p>TOUTES LES INFORMATIONS SUR CE SITE SONT FOURNIES \u00abEN L&#8217;\u00c9TAT\u00bb ET SANS GARANTIES, REPR\u00c9SENTATIONS OU CONDITIONS D&#8217;AUCUNE SORTE, EXPLICITE OU IMPLICITE.<\/p>\n<p>DE PLUS, TELLERMATE EXCLUT PAR LA PRESENTE TOUTE RESPONSABILIT\u00c9 POUR TOUTE PERTE DIRECTE, INDIRECTE OU CONS\u00c9CUTIVE RESULTANT DE L&#8217;ACC\u00c8S OU DE L&#8217;UTILISATION DE CE SITE OU DE TOUTE CONFIANCE PLAC\u00c9E SUR L&#8217;UNE DES INFORMATIONS CONTENUES OU OBTENUES DE CE FAIT.<\/p>\n<p>Tellermate n&#8217;assume aucune obligation de mettre \u00e0 jour le contenu de ce site, mais se r\u00e9serve le droit d&#8217;y apporter des modifications, \u00e0 tout moment et sans pr\u00e9avis. Il n\u2019existe aucune garantie ou repr\u00e9sentation que le fonctionnement du site serait exempt d\u2019erreurs ou ininterrompu, ou que celui-ci, ou le serveur qui le rend disponible, sont exempts de virus ou autres composants nuisibles ou destructeurs. De plus, Tellermate d\u00e9cline toute responsabilit\u00e9 quant \u00e0 l&#8217;exactitude des informations accessibles sur le site par l&#8217;utilisation de liens hypertextes vers des sites fournis par d&#8217;autres organisations. Tellermate ne sera pas non plus tenu responsable de toute perte ou dommage r\u00e9sultant d&#8217;une telle utilisation.<\/p>\n<h3>Politique de confidentialit\u00e9 et usage des cookies<\/h3>\n<p>Tellermate respecte votre vie priv\u00e9e et s&#8217;engage \u00e0 la prot\u00e9ger. Nous fournissons cette d\u00e9claration de confidentialit\u00e9 pour vous informer de notre politique, de nos pratiques en mati\u00e8re de confidentialit\u00e9 et d\u2019usage des cookies ainsi que des choix que vous pouvez faire concernant la mani\u00e8re dont vos informations sont collect\u00e9es en ligne, et comment ces informations sont utilis\u00e9es.<\/p>\n<h3>Informations collect\u00e9es<\/h3>\n<p>Tellermate se sert d\u2019un outil d&#8217;analyse afin d\u2019\u00e9tudier l&#8217;utilisation du site, comprendre comment nos utilisateurs arrivent sur notre site, ce qu&#8217;ils y font, quel navigateur et quel syst\u00e8me d&#8217;exploitation ils utilisent.<\/p>\n<h3>Cookies<\/h3>\n<p>Tellermate utilise un certain nombre de cookies sur son site. Si vous ne savez pas ce que sont des cookies, comment les contr\u00f4ler ou les supprimer, nous vous recommandons, pour des conseils d\u00e9taill\u00e9s, le site web suivant: <a href=\"http:\/\/www.aboutcookies.org\">http:\/\/www.aboutcookies.org<\/a><\/p>\n<p>En cliquant sur le bouton &#8220;Accepter&#8221; du bandeau des cookies du site, vous acceptez notre utilisation des cookies et des technologies de suivi similaires. Une fois que vous les avez accept\u00e9s, vos pr\u00e9f\u00e9rences concernant l&#8217;utilisation de ces cookies seront sauvegard\u00e9es sous la forme d&#8217;un cookie pour vos prochaines visites sur notre site aussi longtemps que ces cookies sont stock\u00e9s sur votre (vos) appareil (s). Si vous d\u00e9sactivez les cookies que nous utilisons, certaines fonctionnalit\u00e9s du site peuvent \u00eatre indisponibles, selon le type de cookie que vous avez d\u00e9sactiv\u00e9.<\/p>\n<p>Si vous n&#8217;acceptez pas l&#8217;utilisation de cookies et autres suivi similaires, vous devez d\u00e9finir les param\u00e8tres de votre navigateur en cons\u00e9quence. Vous pourrez toujours retirer votre consentement et modifier vos choix en changeant les param\u00e8tres de votre navigateur \u00e0 l&#8217;avenir.<\/p>\n<p>Si vous souhaitez modifier les param\u00e8tres de votre navigateur et r\u00e9voquer votre consentement \u00e0 l&#8217;utilisation des cookies sur ce site soit pour bloquer les cookies, soit pour vous alerter lorsque des cookies sont envoy\u00e9s sur votre appareil, r\u00e9f\u00e9rez-vous aux instructions de votre navigateur ou \u00e0 l&#8217;\u00e9cran d&#8217;aide. Pour en savoir plus sur la fa\u00e7on d&#8217;ajuster ou de modifier les param\u00e8tres de votre navigateur, cliquer sur un des liens ci-dessous:<\/p>\n<p>\u2022 Google Chrome: <a href=\"https:\/\/support.google.com\/chrome\/answer\/95647?hl=en-GB&amp;hlrm=nl\">https:\/\/support.google.com\/chrome\/answer\/95647?hl=en-GB&amp;hlrm=nl<\/a><\/p>\n<p>\u2022 Internet Explorer: <a href=\"https:\/\/support.microsoft.com\/en-gb\/help\/17442\/windows-internet-explorer-delete-manage-cookies\">https:\/\/support.microsoft.com\/en-gb\/help\/17442\/windows-internet-explorer-delete-manage-cookies <\/a><\/p>\n<p>\u2022 Firefox: <a href=\"https:\/\/support.mozilla.org\/en-US\/kb\/enable-and-disable-cookies-website-preferences?s=cookies&amp;r=5&amp;as=s\">https:\/\/support.mozilla.org\/en-US\/kb\/enable-and-disable-cookies-website-preferences?s=cookies&amp;r=5&amp;as=s<\/a><\/p>\n<p>\u2022 Safari: <a href=\"https:\/\/support.apple.com\/kb\/PH5042?locale=en_US\">https:\/\/support.apple.com\/kb\/PH5042?locale=en_US<\/a><\/p>\n<p>Veuillez noter que les sites tiers, qui peuvent \u00eatre accessibles via notre site, ne sont pas couverts par cette politique de cookies.<\/p>\n<p><strong>Cookies pour l&#8217;analyse de site et la performance<\/strong><\/p>\n<p>Nous utilisons Google Analytics afin d&#8217;analyser les visites de notre site internet et comment celui-ci est utilis\u00e9.<\/p>\n<p>Pour en savoir plus sur la position de Google en mati\u00e8re de confidentialit\u00e9 concernant son service d&#8217;analyse, cliquez sur le lien <a href=\"http:\/\/www.google.com\/analytics\/learn\/privacy.html\">http:\/\/www.google.com\/analytics\/learn\/privacy.html<\/a>.<\/p>\n<h3><\/h3>\n<h3>Collecte et utilisation des donn\u00e9es<\/h3>\n<p>Quand vous sollicitez des informations via ce site, nous pouvons avoir besoin de conna\u00eetre certaines donn\u00e9es personnelles vous concernant. Ainsi nous recueillons ces donn\u00e9es personnelles, lorsque vous vous abonnez \u00e0 nos activit\u00e9s de marketing (par exemple par adh\u00e9sion \u00e0 nos bulletins d&#8217;information), achetez des produits directement aupr\u00e8s de notre compagnie ou contactez nos \u00e9quipes de service \u00e0 la client\u00e8le.<\/p>\n<p>Nous recueillons \u00e9galement certaines informations sur la fa\u00e7on dont vous utilisez ce site Web, (adresse IP, nombre de visites, temps pass\u00e9 sur le site, etc.) afin d&#8217;am\u00e9liorer sa fonctionnalit\u00e9.<\/p>\n<p>Lorsque vous nous envoyez un e-mail ou que vous vous abonnez afin de recevoir des informations gratuites, nous avons besoin de certaines de vosdonn\u00e9es personnelles identifiables, par exemple votre adresse e-mail, votre nom et votre num\u00e9ro de t\u00e9l\u00e9phone. Ces donn\u00e9es personnelles nous sont indispensables afin de vous fournir les informations n\u00e9cessaires sur les services et produits que vous souhaitez.<\/p>\n<p>Si nous avons besoin de donn\u00e9es personnelles sensibles, nous veillerons \u00e0 ce que leur collecte, utilisation et stockage soient conformes aux lois et r\u00e9glementations applicables en mati\u00e8re de protection et de confidentialit\u00e9 des donn\u00e9es personnelles.<\/p>\n<p>Nous collectons et traitons les donn\u00e9es personnelles pour un certain nombre de raisons. Ces donn\u00e9es aident \u00e0 g\u00e9rer et am\u00e9liorer notre site Web, nous permettent de vous envoyer des documents de marketing pertinents et contribuent \u00e0 am\u00e9liorer nos produits \/ services.<\/p>\n<p>Vos donn\u00e9es personnelles pourraient \u00eatre collect\u00e9es et trait\u00e9es sur la base de l\u2019int\u00e9r\u00eat l\u00e9gitime en vertu de la nouvelle loi sur la protection des donn\u00e9es (GDPR, 2018). Tellermate peut utiliser vos donn\u00e9es personnelles collect\u00e9es via cette m\u00e9thode afin que notre \u00e9quipe marketing et commerciale vous contacte si nous pensons que vous pouvez avoir un int\u00e9r\u00eat r\u00e9el pour nos produits \/ services. Nous veillerons, en tout temps, \u00e0 ne nuir \u00e0 aucun de vos droits et int\u00e9r\u00eats. Si vous ne souhaitez plus recevoir d\u2019informations de la part de Tellermate, n\u2019h\u00e9sitez pas \u00e0 nous contacter (vous trouverez les d\u00e9tails dans la section &#8220;Acc\u00e8s \u00e0 vos donn\u00e9es personnelles&#8221; de cette politique de confidentialit\u00e9).<\/p>\n<p><strong>Transferts internationaux<\/strong><\/p>\n<p>Pour fournir ces services, vous reconnaissez que nous pouvons partager vos donn\u00e9es personnelles avec les membres du groupe Tellermate, qui peuvent \u00eatre bas\u00e9s en dehors de l&#8217;UE. Bien que les lois sur la protection des donn\u00e9es de ces diff\u00e9rents pays puissent diff\u00e9rer de celles de votre pays, nous prendrons les mesures appropri\u00e9es pour nous assurer que vos informations personnelles sont trait\u00e9es conform\u00e9ment \u00e0 la pr\u00e9sente Politique de confidentialit\u00e9.<\/p>\n<p>Nous ne vendons ne partageons vos donn\u00e9es personnelles avec des personnes ext\u00e9rieures au Groupe Tellermate.<\/p>\n<h3>Conservation des donn\u00e9es<\/h3>\n<p>Nous ne conserverons vos donn\u00e9es personnelles que le temps n\u00e9cessaire pour vous fournir les services \/ informations applicables. Apr\u00e8s cette p\u00e9riode, vos donn\u00e9es personnelles seront supprim\u00e9es de nos dossiers.<\/p>\n<p>Si vous souhaitez \u00eatre retir\u00e9 de notre base de donn\u00e9es, vous avez le droit de supprimer ces donn\u00e9es (droit \u00e0 l\u2019oubli). Une fois la demande d&#8217;oubli re\u00e7ue, Tellermate supprimera tous les d\u00e9tails de notre syst\u00e8me dans les 48 heures (jours ouvrables).<\/p>\n<p><strong>Acc\u00e8s \u00e0 vos donn\u00e9es personnelles<\/strong><\/p>\n<p>Pour vous renseigner sur l&#8217;acc\u00e8s \u00e0 vos donn\u00e9es personnelles, pour mettre \u00e0 jour ou rectifier vos donn\u00e9es ou pour exercer votre droit \u00e0 l\u2019oubli \/ ou de donn\u00e9es supprim\u00e9es, vous pouvez contacter notre responsable de la protection des donn\u00e9es, Gareth Davies \u00e0 l\u2019adresse suivante:<\/p>\n<p>Data Protection Officer<br \/>\n10-11 Leeway Industrial Estate<br \/>\nNewport<br \/>\nSouth Wales<br \/>\nUnited Kingdom<br \/>\nNP19 4SL<\/p>\n<p>Ou par E-mail \u00e0:<br \/>\n<a href=\"mailto:dataprotection@tellermate.com\">dataprotection@tellermate.com\u00a0<\/a><\/p>\n<p><strong>Se d\u00e9sabonner des Communications<\/strong><\/p>\n<p>Vous pouvez vous d\u00e9sinscrire ou mettre fin \u00e0 toutes communications avec nos services \u00e0 tout moment. Lorsque nous collectons vos donn\u00e9es personnelles, nous vous fournissons les moyens de vous d\u00e9sinscrire en les indiquant dans une case \u00e0 cocher dans vos param\u00e8tres de pr\u00e9f\u00e9rences (ceux-ci sont accessibles via le bas de page de toutes les communications envoy\u00e9es par Tellermate en cliquant sur &#8220;Se d\u00e9sinscrire&#8221; &#8220;Lien&#8221;, ou en envoyant un email \u00e0 <a href=\"mailto:dataprotection@tellermate.com\">dataprotection@tellermate.com<\/a><\/p>\n","protected":false},"excerpt":{"rendered":"<p>Modalit\u00e9s et Conditions Les informations disponibles sur ce site Web&#8230;<\/p>\n","protected":false},"author":17,"featured_media":0,"parent":0,"menu_order":0,"comment_status":"closed","ping_status":"closed","template":"","meta":{"_acf_changed":false,"content-type":"","footnotes":""},"class_list":["post-1195","page","type-page","status-publish","hentry"],"acf":[],"yoast_head":"<!-- This site is optimized with the Yoast SEO plugin v27.4 - https:\/\/yoast.com\/product\/yoast-seo-wordpress\/ -->\n<title>Terms and Conditions - Tellermate France<\/title>\n<meta name=\"robots\" content=\"index, follow, max-snippet:-1, max-image-preview:large, max-video-preview:-1\" \/>\n<link rel=\"canonical\" href=\"https:\/\/www.tellermate.com\/fr\/terms-and-conditions\/\" \/>\n<meta property=\"og:locale\" content=\"en_US\" \/>\n<meta property=\"og:type\" content=\"article\" \/>\n<meta property=\"og:title\" content=\"Terms and Conditions - Tellermate France\" \/>\n<meta property=\"og:description\" content=\"Modalit\u00e9s et Conditions Les informations disponibles sur ce site Web...\" \/>\n<meta property=\"og:url\" content=\"https:\/\/www.tellermate.com\/fr\/terms-and-conditions\/\" \/>\n<meta property=\"og:site_name\" content=\"Tellermate France\" \/>\n<meta property=\"article:publisher\" content=\"https:\/\/www.facebook.com\/TellermateUK\/\" \/>\n<meta property=\"article:modified_time\" content=\"2018-07-13T09:13:07+00:00\" \/>\n<meta name=\"twitter:card\" content=\"summary_large_image\" \/>\n<meta name=\"twitter:site\" content=\"@Tellermate\" \/>\n<meta name=\"twitter:label1\" content=\"Est. reading time\" \/>\n\t<meta name=\"twitter:data1\" content=\"7 minutes\" \/>\n<script type=\"application\/ld+json\" class=\"yoast-schema-graph\">{\"@context\":\"https:\\\/\\\/schema.org\",\"@graph\":[{\"@type\":\"WebPage\",\"@id\":\"https:\\\/\\\/www.tellermate.com\\\/fr\\\/terms-and-conditions\\\/\",\"url\":\"https:\\\/\\\/www.tellermate.com\\\/fr\\\/terms-and-conditions\\\/\",\"name\":\"Terms and Conditions - Tellermate France\",\"isPartOf\":{\"@id\":\"https:\\\/\\\/www.tellermate.com\\\/fr\\\/#website\"},\"datePublished\":\"2016-09-12T13:01:29+00:00\",\"dateModified\":\"2018-07-13T09:13:07+00:00\",\"breadcrumb\":{\"@id\":\"https:\\\/\\\/www.tellermate.com\\\/fr\\\/terms-and-conditions\\\/#breadcrumb\"},\"inLanguage\":\"en-US\",\"potentialAction\":[{\"@type\":\"ReadAction\",\"target\":[\"https:\\\/\\\/www.tellermate.com\\\/fr\\\/terms-and-conditions\\\/\"]}]},{\"@type\":\"BreadcrumbList\",\"@id\":\"https:\\\/\\\/www.tellermate.com\\\/fr\\\/terms-and-conditions\\\/#breadcrumb\",\"itemListElement\":[{\"@type\":\"ListItem\",\"position\":1,\"name\":\"Home\",\"item\":\"https:\\\/\\\/www.tellermate.com\\\/fr\\\/\"},{\"@type\":\"ListItem\",\"position\":2,\"name\":\"Terms and Conditions\"}]},{\"@type\":\"WebSite\",\"@id\":\"https:\\\/\\\/www.tellermate.com\\\/fr\\\/#website\",\"url\":\"https:\\\/\\\/www.tellermate.com\\\/fr\\\/\",\"name\":\"Tellermate France\",\"description\":\"Tellermate France\",\"publisher\":{\"@id\":\"https:\\\/\\\/www.tellermate.com\\\/fr\\\/#organization\"},\"potentialAction\":[{\"@type\":\"SearchAction\",\"target\":{\"@type\":\"EntryPoint\",\"urlTemplate\":\"https:\\\/\\\/www.tellermate.com\\\/fr\\\/?s={search_term_string}\"},\"query-input\":{\"@type\":\"PropertyValueSpecification\",\"valueRequired\":true,\"valueName\":\"search_term_string\"}}],\"inLanguage\":\"en-US\"},{\"@type\":\"Organization\",\"@id\":\"https:\\\/\\\/www.tellermate.com\\\/fr\\\/#organization\",\"name\":\"Tellermate France\",\"url\":\"https:\\\/\\\/www.tellermate.com\\\/fr\\\/\",\"logo\":{\"@type\":\"ImageObject\",\"inLanguage\":\"en-US\",\"@id\":\"https:\\\/\\\/www.tellermate.com\\\/fr\\\/#\\\/schema\\\/logo\\\/image\\\/\",\"url\":\"https:\\\/\\\/www.tellermate.com\\\/fr\\\/wp-content\\\/uploads\\\/sites\\\/10\\\/2022\\\/11\\\/Tellermate-logo-about-us-1024x218-1.png\",\"contentUrl\":\"https:\\\/\\\/www.tellermate.com\\\/fr\\\/wp-content\\\/uploads\\\/sites\\\/10\\\/2022\\\/11\\\/Tellermate-logo-about-us-1024x218-1.png\",\"width\":\"1024\",\"height\":\"218\",\"caption\":\"Tellermate France\"},\"image\":{\"@id\":\"https:\\\/\\\/www.tellermate.com\\\/fr\\\/#\\\/schema\\\/logo\\\/image\\\/\"},\"sameAs\":[\"https:\\\/\\\/www.facebook.com\\\/TellermateUK\\\/\",\"https:\\\/\\\/x.com\\\/Tellermate\",\"https:\\\/\\\/uk.linkedin.com\\\/company\\\/tellermate\",\"https:\\\/\\\/www.youtube.com\\\/channel\\\/UCM3JGD7r_jLesU5OSHHYvkA\"]}]}<\/script>\n<!-- \/ Yoast SEO plugin. -->","yoast_head_json":{"title":"Terms and Conditions - Tellermate France","robots":{"index":"index","follow":"follow","max-snippet":"max-snippet:-1","max-image-preview":"max-image-preview:large","max-video-preview":"max-video-preview:-1"},"canonical":"https:\/\/www.tellermate.com\/fr\/terms-and-conditions\/","og_locale":"en_US","og_type":"article","og_title":"Terms and Conditions - Tellermate France","og_description":"Modalit\u00e9s et Conditions Les informations disponibles sur ce site Web...","og_url":"https:\/\/www.tellermate.com\/fr\/terms-and-conditions\/","og_site_name":"Tellermate France","article_publisher":"https:\/\/www.facebook.com\/TellermateUK\/","article_modified_time":"2018-07-13T09:13:07+00:00","twitter_card":"summary_large_image","twitter_site":"@Tellermate","twitter_misc":{"Est. reading time":"7 minutes"},"schema":{"@context":"https:\/\/schema.org","@graph":[{"@type":"WebPage","@id":"https:\/\/www.tellermate.com\/fr\/terms-and-conditions\/","url":"https:\/\/www.tellermate.com\/fr\/terms-and-conditions\/","name":"Terms and Conditions - Tellermate France","isPartOf":{"@id":"https:\/\/www.tellermate.com\/fr\/#website"},"datePublished":"2016-09-12T13:01:29+00:00","dateModified":"2018-07-13T09:13:07+00:00","breadcrumb":{"@id":"https:\/\/www.tellermate.com\/fr\/terms-and-conditions\/#breadcrumb"},"inLanguage":"en-US","potentialAction":[{"@type":"ReadAction","target":["https:\/\/www.tellermate.com\/fr\/terms-and-conditions\/"]}]},{"@type":"BreadcrumbList","@id":"https:\/\/www.tellermate.com\/fr\/terms-and-conditions\/#breadcrumb","itemListElement":[{"@type":"ListItem","position":1,"name":"Home","item":"https:\/\/www.tellermate.com\/fr\/"},{"@type":"ListItem","position":2,"name":"Terms and Conditions"}]},{"@type":"WebSite","@id":"https:\/\/www.tellermate.com\/fr\/#website","url":"https:\/\/www.tellermate.com\/fr\/","name":"Tellermate France","description":"Tellermate France","publisher":{"@id":"https:\/\/www.tellermate.com\/fr\/#organization"},"potentialAction":[{"@type":"SearchAction","target":{"@type":"EntryPoint","urlTemplate":"https:\/\/www.tellermate.com\/fr\/?s={search_term_string}"},"query-input":{"@type":"PropertyValueSpecification","valueRequired":true,"valueName":"search_term_string"}}],"inLanguage":"en-US"},{"@type":"Organization","@id":"https:\/\/www.tellermate.com\/fr\/#organization","name":"Tellermate France","url":"https:\/\/www.tellermate.com\/fr\/","logo":{"@type":"ImageObject","inLanguage":"en-US","@id":"https:\/\/www.tellermate.com\/fr\/#\/schema\/logo\/image\/","url":"https:\/\/www.tellermate.com\/fr\/wp-content\/uploads\/sites\/10\/2022\/11\/Tellermate-logo-about-us-1024x218-1.png","contentUrl":"https:\/\/www.tellermate.com\/fr\/wp-content\/uploads\/sites\/10\/2022\/11\/Tellermate-logo-about-us-1024x218-1.png","width":"1024","height":"218","caption":"Tellermate France"},"image":{"@id":"https:\/\/www.tellermate.com\/fr\/#\/schema\/logo\/image\/"},"sameAs":["https:\/\/www.facebook.com\/TellermateUK\/","https:\/\/x.com\/Tellermate","https:\/\/uk.linkedin.com\/company\/tellermate","https:\/\/www.youtube.com\/channel\/UCM3JGD7r_jLesU5OSHHYvkA"]}]}},"_links":{"self":[{"href":"https:\/\/www.tellermate.com\/fr\/wp-json\/wp\/v2\/pages\/1195","targetHints":{"allow":["GET"]}}],"collection":[{"href":"https:\/\/www.tellermate.com\/fr\/wp-json\/wp\/v2\/pages"}],"about":[{"href":"https:\/\/www.tellermate.com\/fr\/wp-json\/wp\/v2\/types\/page"}],"author":[{"embeddable":true,"href":"https:\/\/www.tellermate.com\/fr\/wp-json\/wp\/v2\/users\/17"}],"replies":[{"embeddable":true,"href":"https:\/\/www.tellermate.com\/fr\/wp-json\/wp\/v2\/comments?post=1195"}],"version-history":[{"count":7,"href":"https:\/\/www.tellermate.com\/fr\/wp-json\/wp\/v2\/pages\/1195\/revisions"}],"predecessor-version":[{"id":3518,"href":"https:\/\/www.tellermate.com\/fr\/wp-json\/wp\/v2\/pages\/1195\/revisions\/3518"}],"wp:attachment":[{"href":"https:\/\/www.tellermate.com\/fr\/wp-json\/wp\/v2\/media?parent=1195"}],"curies":[{"name":"wp","href":"https:\/\/api.w.org\/{rel}","templated":true}]}}