{"id":10,"date":"2016-06-01T14:53:34","date_gmt":"2016-06-01T14:53:34","guid":{"rendered":"http:\/\/tellermate.spindogs4.co.uk\/?page_id=10"},"modified":"2025-01-29T09:26:13","modified_gmt":"2025-01-29T09:26:13","slug":"a-propos-de-nous","status":"publish","type":"page","link":"https:\/\/www.tellermate.com\/fr\/a-propos-de-nous\/","title":{"rendered":"\u00c0 propos de nous"},"content":{"rendered":"<h1 style=\"text-align: left\">\u00c0 propos de nous<\/h1>\n<p style=\"text-align: left\"><strong><span style=\"color: #0066a1\">Nous sommes Tellermate. Vous pouvez compter sur nous.<\/span><\/strong><\/p>\n<p style=\"text-align: left\">Depuis plus de 30\u00a0ans, Tellermate aide les entreprises \u00e0 compter les esp\u00e8ces plus rapidement, pr\u00e9cis\u00e9ment et efficacement pour leur permettre de consacrer davantage de temps \u00e0 d&#8217;autres activit\u00e9s.<\/p>\n<p style=\"text-align: left\">\u00c0 l&#8217;heure actuelle, les syst\u00e8mes Tellermate traitent plus d&#8217;un milliard de \u00a3 par jour en plus de 20\u00a0devises et dans une trentaine de pays.<\/p>\n<p style=\"text-align: left\">Plus de 250\u00a0000\u00a0soci\u00e9t\u00e9s nous font confiance, dont des marques bien connues telles que Monoprix, Auchan, Kiabi, S\u00e9phora.<img loading=\"lazy\" decoding=\"async\" class=\"size-full wp-image-1216 alignleft\" src=\"\/fr\/wp-content\/uploads\/sites\/10\/2016\/06\/Logos-horizontalFR.jpg\" alt=\"logos-horizontalfr\" width=\"1156\" height=\"79\" \/><\/p>\n<p style=\"text-align: left\">En automatisant et en acc\u00e9l\u00e9rant le comptage des esp\u00e8ces, nous permettons \u00e0 leur personnel de consacrer davantage de temps \u00e0 l&#8217;entreprise. En v\u00e9rifiant leur exactitude et en fournissant des informations d\u00e9taill\u00e9es, nous aidons nos clients \u00e0 rendre leurs transactions en esp\u00e8ces plus s\u00fbres et plus rentables.<\/p>\n<p style=\"text-align: left\"><span style=\"color: #0066a1\"><strong>Ce qui fait notre difference<\/strong><\/span><\/p>\n<p style=\"text-align: left\">Nos solutions de comptage des esp\u00e8ces vous font gagner du temps et r\u00e9duisent vos pertes, tout en vous procurant de pr\u00e9cieuses informations de gestion.<\/p>\n<p style=\"text-align: left\">Nous ne croyons pas qu&#8217;une solution unique convienne \u00e0 toutes les entreprises. Nous avons pour objectif de comprendre vos activit\u00e9s et de vous proposer une solution capable d&#8217;ajouter une valeur r\u00e9elle \u00e0 votre entreprise.<\/p>\n<p style=\"text-align: left\">Nos processus:<\/p>\n<ol>\n<li style=\"text-align: left\">R\u00e9vision de vos processus de gestion des esp\u00e8ces actuels pour trouver la solution la mieux adapt\u00e9e \u00e0 votre entreprise.<\/li>\n<li style=\"text-align: left\">Convenir avec nos clients des \u00e9tapes requises \u00e0 la cr\u00e9ation d&#8217;un sch\u00e9ma commercial.<\/li>\n<li style=\"text-align: left\">Test de nos produits dans vos magasins pour trouver la meilleure solution, tout en vous d\u00e9montrant les avantages des solutions Tellermate.<\/li>\n<li style=\"text-align: left\">Mise en \u0153uvre d&#8217;une solution sur mesure, avec un minimum de d\u00e9rangement, et donnons \u00e0 vos employ\u00e9s l&#8217;assurance de l&#8217;utiliser.<\/li>\n<\/ol>\n<p>&nbsp;<\/p>\n","protected":false},"excerpt":{"rendered":"<p>\u00c0 propos de nous Nous sommes Tellermate. Vous pouvez compter&#8230;<\/p>\n","protected":false},"author":1,"featured_media":252,"parent":0,"menu_order":0,"comment_status":"closed","ping_status":"closed","template":"archive-team.php","meta":{"_acf_changed":false,"content-type":"","footnotes":""},"class_list":["post-10","page","type-page","status-publish","has-post-thumbnail","hentry"],"acf":[],"yoast_head":"<!-- This site is optimized with the Yoast SEO plugin v27.4 - https:\/\/yoast.com\/product\/yoast-seo-wordpress\/ -->\n<title>\u00c0 propos de nous | Tellermate<\/title>\n<meta name=\"description\" content=\"Tellermate provides cash management solutions, products and advice for some of the world&#039;s largest retailers, supermarkets and restaurant chains.\" \/>\n<meta name=\"robots\" content=\"index, follow, max-snippet:-1, max-image-preview:large, max-video-preview:-1\" \/>\n<link rel=\"canonical\" href=\"https:\/\/www.tellermate.com\/fr\/a-propos-de-nous\/\" \/>\n<meta property=\"og:locale\" content=\"en_US\" \/>\n<meta property=\"og:type\" content=\"article\" \/>\n<meta property=\"og:title\" content=\"\u00c0 propos de nous | Tellermate\" \/>\n<meta property=\"og:description\" content=\"Tellermate provides cash management solutions, products and advice for some of the world&#039;s largest retailers, supermarkets and restaurant chains.\" \/>\n<meta property=\"og:url\" content=\"https:\/\/www.tellermate.com\/fr\/a-propos-de-nous\/\" \/>\n<meta property=\"og:site_name\" content=\"Tellermate France\" \/>\n<meta property=\"article:publisher\" content=\"https:\/\/www.facebook.com\/TellermateUK\/\" \/>\n<meta property=\"article:modified_time\" content=\"2025-01-29T09:26:13+00:00\" \/>\n<meta property=\"og:image\" content=\"https:\/\/www.tellermate.com\/fr\/wp-content\/uploads\/sites\/10\/2016\/06\/banner-sub.jpg\" \/>\n\t<meta property=\"og:image:width\" content=\"1920\" \/>\n\t<meta property=\"og:image:height\" content=\"350\" \/>\n\t<meta property=\"og:image:type\" content=\"image\/jpeg\" \/>\n<meta name=\"twitter:card\" content=\"summary_large_image\" \/>\n<meta name=\"twitter:site\" content=\"@Tellermate\" \/>\n<meta name=\"twitter:label1\" content=\"Est. reading time\" \/>\n\t<meta name=\"twitter:data1\" content=\"4 minutes\" \/>\n<script type=\"application\/ld+json\" class=\"yoast-schema-graph\">{\"@context\":\"https:\\\/\\\/schema.org\",\"@graph\":[{\"@type\":\"WebPage\",\"@id\":\"https:\\\/\\\/www.tellermate.com\\\/fr\\\/a-propos-de-nous\\\/\",\"url\":\"https:\\\/\\\/www.tellermate.com\\\/fr\\\/a-propos-de-nous\\\/\",\"name\":\"\u00c0 propos de nous | Tellermate\",\"isPartOf\":{\"@id\":\"https:\\\/\\\/www.tellermate.com\\\/fr\\\/#website\"},\"primaryImageOfPage\":{\"@id\":\"https:\\\/\\\/www.tellermate.com\\\/fr\\\/a-propos-de-nous\\\/#primaryimage\"},\"image\":{\"@id\":\"https:\\\/\\\/www.tellermate.com\\\/fr\\\/a-propos-de-nous\\\/#primaryimage\"},\"thumbnailUrl\":\"https:\\\/\\\/www.tellermate.com\\\/fr\\\/wp-content\\\/uploads\\\/sites\\\/10\\\/2016\\\/06\\\/banner-sub.jpg\",\"datePublished\":\"2016-06-01T14:53:34+00:00\",\"dateModified\":\"2025-01-29T09:26:13+00:00\",\"description\":\"Tellermate provides cash management solutions, products and advice for some of the world's largest retailers, supermarkets and restaurant chains.\",\"breadcrumb\":{\"@id\":\"https:\\\/\\\/www.tellermate.com\\\/fr\\\/a-propos-de-nous\\\/#breadcrumb\"},\"inLanguage\":\"en-US\",\"potentialAction\":[{\"@type\":\"ReadAction\",\"target\":[\"https:\\\/\\\/www.tellermate.com\\\/fr\\\/a-propos-de-nous\\\/\"]}]},{\"@type\":\"ImageObject\",\"inLanguage\":\"en-US\",\"@id\":\"https:\\\/\\\/www.tellermate.com\\\/fr\\\/a-propos-de-nous\\\/#primaryimage\",\"url\":\"https:\\\/\\\/www.tellermate.com\\\/fr\\\/wp-content\\\/uploads\\\/sites\\\/10\\\/2016\\\/06\\\/banner-sub.jpg\",\"contentUrl\":\"https:\\\/\\\/www.tellermate.com\\\/fr\\\/wp-content\\\/uploads\\\/sites\\\/10\\\/2016\\\/06\\\/banner-sub.jpg\",\"width\":1920,\"height\":350},{\"@type\":\"BreadcrumbList\",\"@id\":\"https:\\\/\\\/www.tellermate.com\\\/fr\\\/a-propos-de-nous\\\/#breadcrumb\",\"itemListElement\":[{\"@type\":\"ListItem\",\"position\":1,\"name\":\"Home\",\"item\":\"https:\\\/\\\/www.tellermate.com\\\/fr\\\/\"},{\"@type\":\"ListItem\",\"position\":2,\"name\":\"\u00c0 propos de nous\"}]},{\"@type\":\"WebSite\",\"@id\":\"https:\\\/\\\/www.tellermate.com\\\/fr\\\/#website\",\"url\":\"https:\\\/\\\/www.tellermate.com\\\/fr\\\/\",\"name\":\"Tellermate France\",\"description\":\"Tellermate France\",\"publisher\":{\"@id\":\"https:\\\/\\\/www.tellermate.com\\\/fr\\\/#organization\"},\"potentialAction\":[{\"@type\":\"SearchAction\",\"target\":{\"@type\":\"EntryPoint\",\"urlTemplate\":\"https:\\\/\\\/www.tellermate.com\\\/fr\\\/?s={search_term_string}\"},\"query-input\":{\"@type\":\"PropertyValueSpecification\",\"valueRequired\":true,\"valueName\":\"search_term_string\"}}],\"inLanguage\":\"en-US\"},{\"@type\":\"Organization\",\"@id\":\"https:\\\/\\\/www.tellermate.com\\\/fr\\\/#organization\",\"name\":\"Tellermate France\",\"url\":\"https:\\\/\\\/www.tellermate.com\\\/fr\\\/\",\"logo\":{\"@type\":\"ImageObject\",\"inLanguage\":\"en-US\",\"@id\":\"https:\\\/\\\/www.tellermate.com\\\/fr\\\/#\\\/schema\\\/logo\\\/image\\\/\",\"url\":\"https:\\\/\\\/www.tellermate.com\\\/fr\\\/wp-content\\\/uploads\\\/sites\\\/10\\\/2022\\\/11\\\/Tellermate-logo-about-us-1024x218-1.png\",\"contentUrl\":\"https:\\\/\\\/www.tellermate.com\\\/fr\\\/wp-content\\\/uploads\\\/sites\\\/10\\\/2022\\\/11\\\/Tellermate-logo-about-us-1024x218-1.png\",\"width\":\"1024\",\"height\":\"218\",\"caption\":\"Tellermate France\"},\"image\":{\"@id\":\"https:\\\/\\\/www.tellermate.com\\\/fr\\\/#\\\/schema\\\/logo\\\/image\\\/\"},\"sameAs\":[\"https:\\\/\\\/www.facebook.com\\\/TellermateUK\\\/\",\"https:\\\/\\\/x.com\\\/Tellermate\",\"https:\\\/\\\/uk.linkedin.com\\\/company\\\/tellermate\",\"https:\\\/\\\/www.youtube.com\\\/channel\\\/UCM3JGD7r_jLesU5OSHHYvkA\"]}]}<\/script>\n<!-- \/ Yoast SEO plugin. -->","yoast_head_json":{"title":"\u00c0 propos de nous | Tellermate","description":"Tellermate provides cash management solutions, products and advice for some of the world's largest retailers, supermarkets and restaurant chains.","robots":{"index":"index","follow":"follow","max-snippet":"max-snippet:-1","max-image-preview":"max-image-preview:large","max-video-preview":"max-video-preview:-1"},"canonical":"https:\/\/www.tellermate.com\/fr\/a-propos-de-nous\/","og_locale":"en_US","og_type":"article","og_title":"\u00c0 propos de nous | Tellermate","og_description":"Tellermate provides cash management solutions, products and advice for some of the world's largest retailers, supermarkets and restaurant chains.","og_url":"https:\/\/www.tellermate.com\/fr\/a-propos-de-nous\/","og_site_name":"Tellermate France","article_publisher":"https:\/\/www.facebook.com\/TellermateUK\/","article_modified_time":"2025-01-29T09:26:13+00:00","og_image":[{"width":1920,"height":350,"url":"https:\/\/www.tellermate.com\/fr\/wp-content\/uploads\/sites\/10\/2016\/06\/banner-sub.jpg","type":"image\/jpeg"}],"twitter_card":"summary_large_image","twitter_site":"@Tellermate","twitter_misc":{"Est. reading time":"4 minutes"},"schema":{"@context":"https:\/\/schema.org","@graph":[{"@type":"WebPage","@id":"https:\/\/www.tellermate.com\/fr\/a-propos-de-nous\/","url":"https:\/\/www.tellermate.com\/fr\/a-propos-de-nous\/","name":"\u00c0 propos de nous | Tellermate","isPartOf":{"@id":"https:\/\/www.tellermate.com\/fr\/#website"},"primaryImageOfPage":{"@id":"https:\/\/www.tellermate.com\/fr\/a-propos-de-nous\/#primaryimage"},"image":{"@id":"https:\/\/www.tellermate.com\/fr\/a-propos-de-nous\/#primaryimage"},"thumbnailUrl":"https:\/\/www.tellermate.com\/fr\/wp-content\/uploads\/sites\/10\/2016\/06\/banner-sub.jpg","datePublished":"2016-06-01T14:53:34+00:00","dateModified":"2025-01-29T09:26:13+00:00","description":"Tellermate provides cash management solutions, products and advice for some of the world's largest retailers, supermarkets and restaurant chains.","breadcrumb":{"@id":"https:\/\/www.tellermate.com\/fr\/a-propos-de-nous\/#breadcrumb"},"inLanguage":"en-US","potentialAction":[{"@type":"ReadAction","target":["https:\/\/www.tellermate.com\/fr\/a-propos-de-nous\/"]}]},{"@type":"ImageObject","inLanguage":"en-US","@id":"https:\/\/www.tellermate.com\/fr\/a-propos-de-nous\/#primaryimage","url":"https:\/\/www.tellermate.com\/fr\/wp-content\/uploads\/sites\/10\/2016\/06\/banner-sub.jpg","contentUrl":"https:\/\/www.tellermate.com\/fr\/wp-content\/uploads\/sites\/10\/2016\/06\/banner-sub.jpg","width":1920,"height":350},{"@type":"BreadcrumbList","@id":"https:\/\/www.tellermate.com\/fr\/a-propos-de-nous\/#breadcrumb","itemListElement":[{"@type":"ListItem","position":1,"name":"Home","item":"https:\/\/www.tellermate.com\/fr\/"},{"@type":"ListItem","position":2,"name":"\u00c0 propos de nous"}]},{"@type":"WebSite","@id":"https:\/\/www.tellermate.com\/fr\/#website","url":"https:\/\/www.tellermate.com\/fr\/","name":"Tellermate France","description":"Tellermate France","publisher":{"@id":"https:\/\/www.tellermate.com\/fr\/#organization"},"potentialAction":[{"@type":"SearchAction","target":{"@type":"EntryPoint","urlTemplate":"https:\/\/www.tellermate.com\/fr\/?s={search_term_string}"},"query-input":{"@type":"PropertyValueSpecification","valueRequired":true,"valueName":"search_term_string"}}],"inLanguage":"en-US"},{"@type":"Organization","@id":"https:\/\/www.tellermate.com\/fr\/#organization","name":"Tellermate France","url":"https:\/\/www.tellermate.com\/fr\/","logo":{"@type":"ImageObject","inLanguage":"en-US","@id":"https:\/\/www.tellermate.com\/fr\/#\/schema\/logo\/image\/","url":"https:\/\/www.tellermate.com\/fr\/wp-content\/uploads\/sites\/10\/2022\/11\/Tellermate-logo-about-us-1024x218-1.png","contentUrl":"https:\/\/www.tellermate.com\/fr\/wp-content\/uploads\/sites\/10\/2022\/11\/Tellermate-logo-about-us-1024x218-1.png","width":"1024","height":"218","caption":"Tellermate France"},"image":{"@id":"https:\/\/www.tellermate.com\/fr\/#\/schema\/logo\/image\/"},"sameAs":["https:\/\/www.facebook.com\/TellermateUK\/","https:\/\/x.com\/Tellermate","https:\/\/uk.linkedin.com\/company\/tellermate","https:\/\/www.youtube.com\/channel\/UCM3JGD7r_jLesU5OSHHYvkA"]}]}},"_links":{"self":[{"href":"https:\/\/www.tellermate.com\/fr\/wp-json\/wp\/v2\/pages\/10","targetHints":{"allow":["GET"]}}],"collection":[{"href":"https:\/\/www.tellermate.com\/fr\/wp-json\/wp\/v2\/pages"}],"about":[{"href":"https:\/\/www.tellermate.com\/fr\/wp-json\/wp\/v2\/types\/page"}],"author":[{"embeddable":true,"href":"https:\/\/www.tellermate.com\/fr\/wp-json\/wp\/v2\/users\/1"}],"replies":[{"embeddable":true,"href":"https:\/\/www.tellermate.com\/fr\/wp-json\/wp\/v2\/comments?post=10"}],"version-history":[{"count":74,"href":"https:\/\/www.tellermate.com\/fr\/wp-json\/wp\/v2\/pages\/10\/revisions"}],"predecessor-version":[{"id":4529,"href":"https:\/\/www.tellermate.com\/fr\/wp-json\/wp\/v2\/pages\/10\/revisions\/4529"}],"wp:featuredmedia":[{"embeddable":true,"href":"https:\/\/www.tellermate.com\/fr\/wp-json\/wp\/v2\/media\/252"}],"wp:attachment":[{"href":"https:\/\/www.tellermate.com\/fr\/wp-json\/wp\/v2\/media?parent=10"}],"curies":[{"name":"wp","href":"https:\/\/api.w.org\/{rel}","templated":true}]}}