{"id":661,"date":"2016-08-01T13:13:40","date_gmt":"2016-08-01T13:13:40","guid":{"rendered":"http:\/\/tellermate.spindogs4.co.uk\/?page_id=661"},"modified":"2025-08-18T09:48:27","modified_gmt":"2025-08-18T09:48:27","slug":"support","status":"publish","type":"page","link":"https:\/\/www.tellermate.com\/es\/support\/","title":{"rendered":"Asistencia"},"content":{"rendered":"<h1 style=\"text-align: left\">T-Cover 2017<\/h1>\n<h4 style=\"text-align: left\"><span style=\"color: #0066a1\">T-cover \u00a0 \u2013 Elija el plan de servicios de mantenimiento adecuado para su negocio.<\/span><\/h4>\n<p>Los clientes de Tellermate saben que pueden contar la caja de dinero en menos de 60 segundos. Por esta raz\u00f3n nunca volver\u00e1n a contar a mano. Adem\u00e1s, tenemos tanta confianza en la calidad de nuestras contadoras, l\u00edderes en el mercado, que ofrecemos una garant\u00eda especial de 5 a\u00f1os.<\/p>\n<p>Para tener tranquilidad adicional y para asegurar el empleo ininterrumpido de su contadora de dinero, puede considerar uno de nuestros planes de servicio\u2026<\/p>\n<h4 style=\"text-align: left\"><span style=\"color: #0066a1\">Cl\u00e1sico o Platino<\/span><\/h4>\n<p>Si nuestro equipo de asistencia t\u00e9cnica no puede resolver el problema por tel\u00e9fono, nuestro servicio de reemplazo\u00a0 asegura que su contadora permanece en funcionamiento nuevamente sin demoras (La mayor\u00eda de incidencias se pueden resolver telef\u00f3nicamente en cuesti\u00f3n de minutos). Adem\u00e1s, les ayudar\u00edamos a prepararse para los cambios de divisa que afectar\u00e1n a su proceso de conteo de efectivo.<\/p>\n<p>Tambi\u00e9n los perifericos y accesorios necesitan otro nivel de cobertura. Por ejemplo, muchos clientes protegen\u00a0adem\u00e1s sus\u00a0impresoras,\u00a0cables\u00a0y\u00a0bater\u00edas\u00a0lo que les permite agilizar los tr\u00e1mites de compras. As\u00ed se eliminan las esperas y podr\u00e1 continuar usando sus equipos.<\/p>\n<p>Adem\u00e1s podemos cubrirles contra golpes y derrames de l\u00edquidos. Las contadoras est\u00e1n construidas para ser resistentes pero algunos entornos exigentes pueden afectarle.<\/p>\n<p>As\u00ed que si la contadora deja de funcionar,\u00a0solo necesita llamar a Tellermate quien le entregar\u00e1 una contadora de reemplazo.<\/p>\n<p>Nuestro equipo puede crear materiales de formaci\u00f3n para sus empleados y darles informes que le mantienen al d\u00eda con la actividad de la tienda.<\/p>\n<p>Tellermate est\u00e1 a su disposici\u00f3n.<\/p>\n<p><strong>Numero de telefono: 900 505 899<\/strong><\/p>\n<h4 style=\"text-align: left\"><span style=\"color: #0066a1\">WEEE Policy<\/span><\/h4>\n<p>Tellermate tiene la obligaci\u00f3n de asegurarse de la eliminaci\u00f3n de los equipos el\u00e9ctricos y electr\u00f3nicos que produce, cuando estos han alcanzado el l\u00edmite de vida de uso. El ente u ocupante donde se encuentre el equipo debe enviar a Tellermate cualquier producto para su respectiva eliminaci\u00f3n cuando este ya no est\u00e9 en servicio. Usted tendr\u00e1 que contactar con Tellermate para programar esta eliminaci\u00f3n al 01633 276 868 A su vez no estamos obligados en pagar por los gastos que deriven del envio del equipo. B2B WEEE<\/p>\n<p><strong>N\u00famero de registro WEEE<\/strong>: 5621<br \/>\n<strong>N\u00famero de registro de Baterias<\/strong>: 1261<\/p>\n<h4 style=\"text-align: left\"><span style=\"color: #0066a1\">Document Downloads<\/span><\/h4>\n<p><a href=\"http:\/\/info.tellermate.com\/hubfs\/T-Cover_2016_-_ES_2.pdf\" target=\"_blank\" rel=\"noopener noreferrer\">T-Cover PDF<br \/>\n<\/a><a href=\"http:\/\/info.tellermate.com\/hubfs\/Warranty%20Info%20Sheet%20(ES).pdf\" target=\"_blank\" rel=\"noopener noreferrer\">Informaci\u00f3n Garant\u00eda<\/a><br \/>\n<a href=\"http:\/\/cdn2.hubspot.net\/hub\/264336\/file-460943945-pdf\/Documents\/T-Cover_User_Guides\/Full_UG_ES_NA_Correct.pdf?t=1473339539831\" target=\"_blank\" rel=\"noopener noreferrer\">T-i<sup>x<\/sup> Gu\u00eda de usuario<\/a><br \/>\n<a href=\"http:\/\/cdn2.hubspot.net\/hub\/264336\/file-457847851-pdf\/Documents\/T-Cover_User_Guides\/Tellermate_Quick_Start_ESP_NA.pdf?t=1473339539831\" target=\"_blank\" rel=\"noopener noreferrer\">T-i<sup>x<\/sup> Gu\u00eda r\u00e1pida inicio<\/a><\/p>\n<h4 style=\"text-align: left\"><span style=\"color: #0066a1\">Support Resources<\/span><\/h4>\n<p><a href=\"\/es\/llega-a-su-final-el-modelo-ty\/\">TY End of Life<\/a><\/p>\n","protected":false},"excerpt":{"rendered":"<p>T-Cover 2017 T-cover \u00a0 \u2013 Elija el plan de servicios&#8230;<\/p>\n","protected":false},"author":1,"featured_media":0,"parent":0,"menu_order":0,"comment_status":"closed","ping_status":"closed","template":"","meta":{"_acf_changed":false,"content-type":"","footnotes":""},"class_list":["post-661","page","type-page","status-publish","hentry"],"acf":[],"yoast_head":"<!-- This site is optimized with the Yoast SEO plugin v27.4 - https:\/\/yoast.com\/product\/yoast-seo-wordpress\/ -->\n<title>Asistencia - Tellermate Spain<\/title>\n<meta name=\"robots\" content=\"index, follow, max-snippet:-1, max-image-preview:large, max-video-preview:-1\" \/>\n<link rel=\"canonical\" href=\"https:\/\/www.tellermate.com\/es\/support\/\" \/>\n<meta property=\"og:locale\" content=\"en_US\" \/>\n<meta property=\"og:type\" content=\"article\" \/>\n<meta property=\"og:title\" content=\"Asistencia - Tellermate Spain\" \/>\n<meta property=\"og:description\" content=\"T-Cover 2017 T-cover \u00a0 \u2013 Elija el plan de servicios...\" \/>\n<meta property=\"og:url\" content=\"https:\/\/www.tellermate.com\/es\/support\/\" \/>\n<meta property=\"og:site_name\" content=\"Tellermate Spain\" \/>\n<meta property=\"article:publisher\" content=\"https:\/\/www.facebook.com\/TellermateUK\/\" \/>\n<meta property=\"article:modified_time\" content=\"2025-08-18T09:48:27+00:00\" \/>\n<meta name=\"twitter:card\" content=\"summary_large_image\" \/>\n<meta name=\"twitter:site\" content=\"@Tellermate\" \/>\n<meta name=\"twitter:label1\" content=\"Est. reading time\" \/>\n\t<meta name=\"twitter:data1\" content=\"7 minutes\" \/>\n<script type=\"application\/ld+json\" class=\"yoast-schema-graph\">{\"@context\":\"https:\\\/\\\/schema.org\",\"@graph\":[{\"@type\":\"WebPage\",\"@id\":\"https:\\\/\\\/www.tellermate.com\\\/es\\\/support\\\/\",\"url\":\"https:\\\/\\\/www.tellermate.com\\\/es\\\/support\\\/\",\"name\":\"Asistencia - Tellermate Spain\",\"isPartOf\":{\"@id\":\"https:\\\/\\\/www.tellermate.com\\\/es\\\/#website\"},\"datePublished\":\"2016-08-01T13:13:40+00:00\",\"dateModified\":\"2025-08-18T09:48:27+00:00\",\"breadcrumb\":{\"@id\":\"https:\\\/\\\/www.tellermate.com\\\/es\\\/support\\\/#breadcrumb\"},\"inLanguage\":\"en-US\",\"potentialAction\":[{\"@type\":\"ReadAction\",\"target\":[\"https:\\\/\\\/www.tellermate.com\\\/es\\\/support\\\/\"]}]},{\"@type\":\"BreadcrumbList\",\"@id\":\"https:\\\/\\\/www.tellermate.com\\\/es\\\/support\\\/#breadcrumb\",\"itemListElement\":[{\"@type\":\"ListItem\",\"position\":1,\"name\":\"Home\",\"item\":\"https:\\\/\\\/www.tellermate.com\\\/es\\\/\"},{\"@type\":\"ListItem\",\"position\":2,\"name\":\"Asistencia\"}]},{\"@type\":\"WebSite\",\"@id\":\"https:\\\/\\\/www.tellermate.com\\\/es\\\/#website\",\"url\":\"https:\\\/\\\/www.tellermate.com\\\/es\\\/\",\"name\":\"Tellermate Spain\",\"description\":\"Tellermate Spain\",\"publisher\":{\"@id\":\"https:\\\/\\\/www.tellermate.com\\\/es\\\/#organization\"},\"potentialAction\":[{\"@type\":\"SearchAction\",\"target\":{\"@type\":\"EntryPoint\",\"urlTemplate\":\"https:\\\/\\\/www.tellermate.com\\\/es\\\/?s={search_term_string}\"},\"query-input\":{\"@type\":\"PropertyValueSpecification\",\"valueRequired\":true,\"valueName\":\"search_term_string\"}}],\"inLanguage\":\"en-US\"},{\"@type\":\"Organization\",\"@id\":\"https:\\\/\\\/www.tellermate.com\\\/es\\\/#organization\",\"name\":\"Tellermate Spain\",\"url\":\"https:\\\/\\\/www.tellermate.com\\\/es\\\/\",\"logo\":{\"@type\":\"ImageObject\",\"inLanguage\":\"en-US\",\"@id\":\"https:\\\/\\\/www.tellermate.com\\\/es\\\/#\\\/schema\\\/logo\\\/image\\\/\",\"url\":\"https:\\\/\\\/www.tellermate.com\\\/es\\\/wp-content\\\/uploads\\\/sites\\\/9\\\/2022\\\/11\\\/Tellermate-logo-about-us-1024x218-1.png\",\"contentUrl\":\"https:\\\/\\\/www.tellermate.com\\\/es\\\/wp-content\\\/uploads\\\/sites\\\/9\\\/2022\\\/11\\\/Tellermate-logo-about-us-1024x218-1.png\",\"width\":\"1024\",\"height\":\"218\",\"caption\":\"Tellermate Spain\"},\"image\":{\"@id\":\"https:\\\/\\\/www.tellermate.com\\\/es\\\/#\\\/schema\\\/logo\\\/image\\\/\"},\"sameAs\":[\"https:\\\/\\\/www.facebook.com\\\/TellermateUK\\\/\",\"https:\\\/\\\/x.com\\\/Tellermate\",\"https:\\\/\\\/uk.linkedin.com\\\/company\\\/tellermate\",\"https:\\\/\\\/www.youtube.com\\\/channel\\\/UCM3JGD7r_jLesU5OSHHYvkA\"]}]}<\/script>\n<!-- \/ Yoast SEO plugin. -->","yoast_head_json":{"title":"Asistencia - Tellermate Spain","robots":{"index":"index","follow":"follow","max-snippet":"max-snippet:-1","max-image-preview":"max-image-preview:large","max-video-preview":"max-video-preview:-1"},"canonical":"https:\/\/www.tellermate.com\/es\/support\/","og_locale":"en_US","og_type":"article","og_title":"Asistencia - Tellermate Spain","og_description":"T-Cover 2017 T-cover \u00a0 \u2013 Elija el plan de servicios...","og_url":"https:\/\/www.tellermate.com\/es\/support\/","og_site_name":"Tellermate Spain","article_publisher":"https:\/\/www.facebook.com\/TellermateUK\/","article_modified_time":"2025-08-18T09:48:27+00:00","twitter_card":"summary_large_image","twitter_site":"@Tellermate","twitter_misc":{"Est. reading time":"7 minutes"},"schema":{"@context":"https:\/\/schema.org","@graph":[{"@type":"WebPage","@id":"https:\/\/www.tellermate.com\/es\/support\/","url":"https:\/\/www.tellermate.com\/es\/support\/","name":"Asistencia - Tellermate Spain","isPartOf":{"@id":"https:\/\/www.tellermate.com\/es\/#website"},"datePublished":"2016-08-01T13:13:40+00:00","dateModified":"2025-08-18T09:48:27+00:00","breadcrumb":{"@id":"https:\/\/www.tellermate.com\/es\/support\/#breadcrumb"},"inLanguage":"en-US","potentialAction":[{"@type":"ReadAction","target":["https:\/\/www.tellermate.com\/es\/support\/"]}]},{"@type":"BreadcrumbList","@id":"https:\/\/www.tellermate.com\/es\/support\/#breadcrumb","itemListElement":[{"@type":"ListItem","position":1,"name":"Home","item":"https:\/\/www.tellermate.com\/es\/"},{"@type":"ListItem","position":2,"name":"Asistencia"}]},{"@type":"WebSite","@id":"https:\/\/www.tellermate.com\/es\/#website","url":"https:\/\/www.tellermate.com\/es\/","name":"Tellermate Spain","description":"Tellermate Spain","publisher":{"@id":"https:\/\/www.tellermate.com\/es\/#organization"},"potentialAction":[{"@type":"SearchAction","target":{"@type":"EntryPoint","urlTemplate":"https:\/\/www.tellermate.com\/es\/?s={search_term_string}"},"query-input":{"@type":"PropertyValueSpecification","valueRequired":true,"valueName":"search_term_string"}}],"inLanguage":"en-US"},{"@type":"Organization","@id":"https:\/\/www.tellermate.com\/es\/#organization","name":"Tellermate Spain","url":"https:\/\/www.tellermate.com\/es\/","logo":{"@type":"ImageObject","inLanguage":"en-US","@id":"https:\/\/www.tellermate.com\/es\/#\/schema\/logo\/image\/","url":"https:\/\/www.tellermate.com\/es\/wp-content\/uploads\/sites\/9\/2022\/11\/Tellermate-logo-about-us-1024x218-1.png","contentUrl":"https:\/\/www.tellermate.com\/es\/wp-content\/uploads\/sites\/9\/2022\/11\/Tellermate-logo-about-us-1024x218-1.png","width":"1024","height":"218","caption":"Tellermate Spain"},"image":{"@id":"https:\/\/www.tellermate.com\/es\/#\/schema\/logo\/image\/"},"sameAs":["https:\/\/www.facebook.com\/TellermateUK\/","https:\/\/x.com\/Tellermate","https:\/\/uk.linkedin.com\/company\/tellermate","https:\/\/www.youtube.com\/channel\/UCM3JGD7r_jLesU5OSHHYvkA"]}]}},"_links":{"self":[{"href":"https:\/\/www.tellermate.com\/es\/wp-json\/wp\/v2\/pages\/661","targetHints":{"allow":["GET"]}}],"collection":[{"href":"https:\/\/www.tellermate.com\/es\/wp-json\/wp\/v2\/pages"}],"about":[{"href":"https:\/\/www.tellermate.com\/es\/wp-json\/wp\/v2\/types\/page"}],"author":[{"embeddable":true,"href":"https:\/\/www.tellermate.com\/es\/wp-json\/wp\/v2\/users\/1"}],"replies":[{"embeddable":true,"href":"https:\/\/www.tellermate.com\/es\/wp-json\/wp\/v2\/comments?post=661"}],"version-history":[{"count":54,"href":"https:\/\/www.tellermate.com\/es\/wp-json\/wp\/v2\/pages\/661\/revisions"}],"predecessor-version":[{"id":4434,"href":"https:\/\/www.tellermate.com\/es\/wp-json\/wp\/v2\/pages\/661\/revisions\/4434"}],"wp:attachment":[{"href":"https:\/\/www.tellermate.com\/es\/wp-json\/wp\/v2\/media?parent=661"}],"curies":[{"name":"wp","href":"https:\/\/api.w.org\/{rel}","templated":true}]}}