{"id":10,"date":"2016-06-01T14:53:34","date_gmt":"2016-06-01T14:53:34","guid":{"rendered":"http:\/\/tellermate.spindogs4.co.uk\/?page_id=10"},"modified":"2022-11-22T10:12:12","modified_gmt":"2022-11-22T10:12:12","slug":"sobre-nosotros-tellermate","status":"publish","type":"page","link":"https:\/\/www.tellermate.com\/es\/sobre-nosotros-tellermate\/","title":{"rendered":"Sobre nosotros"},"content":{"rendered":"<h1 style=\"text-align: left;\">Sobre nosotros<\/h1>\n<p style=\"text-align: left;\"><strong><span style=\"color: #0066a1;\">Somos Tellermate, gente en la que puede contar<\/span><\/strong><\/p>\n<p style=\"text-align: left;\">Somos Tellermate. Nuestras soluciones de gesti\u00f3n de dinero efectivo ayudan a las empresas de todo el mundo a contar, controlar y administrar su dinero de manera r\u00e1pida y precisa. Llevamos m\u00e1s de 30 a\u00f1os investigando y mejorando nuestros equipos, desde que inventamos nuestra innovadora tecnolog\u00eda de conteo por peso.<\/p>\n<p style=\"text-align: left;\">Hoy en d\u00eda, la tecnolog\u00eda Tellermate procesa m\u00e1s de 1 bill\u00f3n de \u20ac a diario en m\u00e1s de 250.000 negocios de todo el mundo, a trav\u00e9s de m\u00e1s de 30 pa\u00edses y en sus correspondientes divisas. Dichos negocios pertenecen a nombres tan conocidos como Burger King, Barclays , Walmart, Apple, Decathlon, Primark, Inditex, Carrefour, ToysRus\u2026y muchos m\u00e1s.<\/p>\n<p style=\"text-align: left;\"><img loading=\"lazy\" decoding=\"async\" class=\"size-full wp-image-1144 alignleft\" src=\"\/es\/wp-content\/uploads\/sites\/9\/2016\/06\/Logos-horizontalES.jpg\" alt=\"Logos horizontal(ES)\" width=\"1156\" height=\"79\" \/><\/p>\n<p style=\"text-align: left;\">Nuestra sede central de Reino Unido acoge nuestro departamento de ingenier\u00eda, investigaci\u00f3n y desarrollo, as\u00ed como productos y equipos de gesti\u00f3n. Nuestras oficinas en Atlanta, Par\u00eds, Heidelberg y Madrid comparten nuestro compromiso de ofrecer nuestras soluciones de gesti\u00f3n de efectivo a medida para nuestros clientes en todo el mundo, reduciendo la p\u00e9rdida de dinero en efectivo y mejorando la visibilidad de las cajas de sus tiendas.<\/p>\n<p style=\"text-align: left;\"><span style=\"color: #0066a1;\"><strong>\u00bfQu\u00e9 nos diferencia?<\/strong><\/span><\/p>\n<p style=\"text-align: left;\">Sabemos que cada negocio es diferente, por lo que no creemos en una soluci\u00f3n \u00fanica para todos. Nos tomamos tiempo para entender los desaf\u00edos de la gesti\u00f3n de efectivo de nuestros clientes y as\u00ed ofrecerles una soluci\u00f3n adaptada a sus necesidades espec\u00edficas. De esta manera nos aseguramos de que nuestras soluciones ayudan a procesar su dinero efectivo de una forma m\u00e1s r\u00e1pida, fiable y con mayor precisi\u00f3n,\u00a0 a fin de reducir errores y luchar contra la p\u00e9rdida de dinero efectivo. As\u00ed es como ayudamos a nuestros clientes a realizar sus transacciones de dinero efectivo de la forma m\u00e1s eficiente, segura y rentable.<\/p>\n<p style=\"text-align: left;\">Cuando usted elige una soluci\u00f3n de gesti\u00f3n de efectivo de Tellermate, nuestro personal est\u00e1 ah\u00ed para ayudarle en cada momento. A partir del an\u00e1lisis y comprensi\u00f3n de sus necesidades espec\u00edficas, trabajamos en estrecha colaboraci\u00f3n con los principales departamentos involucrados en la gesti\u00f3n de dinero efectivo, como Dpto.Cajas, Operaciones, Prevenci\u00f3n de P\u00e9rdidas, Finanzas o Inform\u00e1tica, para asegurar que de nuestras soluciones pueden beneficiar a todas las partes implicadas.<\/p>\n<p style=\"text-align: left;\">El proceso Tellermate consta de 4 pasos:<\/p>\n<ol style=\"text-align: left;\">\n<li><strong>Revisi\u00f3n<\/strong>: Se revisan los procesos de gesti\u00f3n de efectivo existentes para encontrar la soluci\u00f3n m\u00e1s adecuada para su negocio.<\/li>\n<li><strong>Prueba Piloto<\/strong>: Durante una prueba piloto, ponemos a prueba nuestros equipos en sus tiendas para encontrar las mejores soluciones \u00a0y mostrarle las ventajas del uso de las contadoras Tellermate.<\/li>\n<li><strong>Implementaci\u00f3n<\/strong>: Implementamos e instalamos la soluci\u00f3n definitiva y a la medida de sus tiendas, sin interrupciones\u00a0 en la actividad de las mismas, dando una sencilla formaci\u00f3n a su personal de cajas.<\/li>\n<li><strong>Soporte<\/strong>: Ofrecemos una garant\u00eda de 5 a\u00f1os en nuestras nuevas contadoras de efectivo T-ix y opciones flexibles de formaci\u00f3n, as\u00ed como un servicio t\u00e9cnico de alta calidad para ayudar a su negocio antes, durante y despu\u00e9s de la adquisici\u00f3n de los equipos Tellermate.<\/li>\n<\/ol>\n<p style=\"text-align: left;\">Sin embargo, lo que realmente nos diferencia es nuestro personal. Nos preocupamos por nuestros clientes y esto muestra, a trav\u00e9s de nuestro equipo de Servicio Atenci\u00f3n al Cliente, la transparencia, honestidad y el compromiso de encontrar soluciones a la medida que realmente funcionen para su negocio. Por lo tanto, si usted est\u00e1 buscando un equipo de personas que piensan un poco diferente acerca de la gesti\u00f3n de dinero efectivo, hable con Tellermate. Somos gente con la que puede contar.<\/p>\n<p style=\"text-align: left;\"><span style=\"color: #0066a1;\"><strong>\u00danase a nuestro equipo<\/strong><\/span><\/p>\n<p style=\"text-align: left;\">Siempre estamos buscando incorporar los mejores profesionales a nuestro equipo, ya sea para Ingenier\u00eda, Finanzas o Ventas.\u00a0 Si usted es uno de ellos, nos gustar\u00eda escucharle.<\/p>\n","protected":false},"excerpt":{"rendered":"<p>Sobre nosotros Somos Tellermate, gente en la que puede contar&#8230;<\/p>\n","protected":false},"author":1,"featured_media":252,"parent":0,"menu_order":0,"comment_status":"closed","ping_status":"closed","template":"archive-team.php","meta":{"_acf_changed":false,"content-type":"","footnotes":""},"class_list":["post-10","page","type-page","status-publish","has-post-thumbnail","hentry"],"acf":[],"yoast_head":"<!-- This site is optimized with the Yoast SEO plugin v27.4 - https:\/\/yoast.com\/product\/yoast-seo-wordpress\/ -->\n<title>Sobre nosotros | Tellermate<\/title>\n<meta name=\"description\" content=\"Tellermate provides cash management solutions, products and advice for some of the world&#039;s largest retailers, supermarkets and restaurant chains.\" \/>\n<meta name=\"robots\" content=\"index, follow, max-snippet:-1, max-image-preview:large, max-video-preview:-1\" \/>\n<link rel=\"canonical\" href=\"https:\/\/www.tellermate.com\/es\/sobre-nosotros-tellermate\/\" \/>\n<meta property=\"og:locale\" content=\"en_US\" \/>\n<meta property=\"og:type\" content=\"article\" \/>\n<meta property=\"og:title\" content=\"Sobre nosotros | Tellermate\" \/>\n<meta property=\"og:description\" content=\"Tellermate provides cash management solutions, products and advice for some of the world&#039;s largest retailers, supermarkets and restaurant chains.\" \/>\n<meta property=\"og:url\" content=\"https:\/\/www.tellermate.com\/es\/sobre-nosotros-tellermate\/\" \/>\n<meta property=\"og:site_name\" content=\"Tellermate Spain\" \/>\n<meta property=\"article:publisher\" content=\"https:\/\/www.facebook.com\/TellermateUK\/\" \/>\n<meta property=\"article:modified_time\" content=\"2022-11-22T10:12:12+00:00\" \/>\n<meta property=\"og:image\" content=\"https:\/\/www.tellermate.com\/es\/wp-content\/uploads\/sites\/9\/2016\/06\/banner-sub.jpg\" \/>\n\t<meta property=\"og:image:width\" content=\"1920\" \/>\n\t<meta property=\"og:image:height\" content=\"350\" \/>\n\t<meta property=\"og:image:type\" content=\"image\/jpeg\" \/>\n<meta name=\"twitter:card\" content=\"summary_large_image\" \/>\n<meta name=\"twitter:site\" content=\"@Tellermate\" \/>\n<meta name=\"twitter:label1\" content=\"Est. reading time\" \/>\n\t<meta name=\"twitter:data1\" content=\"6 minutes\" \/>\n<script type=\"application\/ld+json\" class=\"yoast-schema-graph\">{\"@context\":\"https:\\\/\\\/schema.org\",\"@graph\":[{\"@type\":\"WebPage\",\"@id\":\"https:\\\/\\\/www.tellermate.com\\\/es\\\/sobre-nosotros-tellermate\\\/\",\"url\":\"https:\\\/\\\/www.tellermate.com\\\/es\\\/sobre-nosotros-tellermate\\\/\",\"name\":\"Sobre nosotros | Tellermate\",\"isPartOf\":{\"@id\":\"https:\\\/\\\/www.tellermate.com\\\/es\\\/#website\"},\"primaryImageOfPage\":{\"@id\":\"https:\\\/\\\/www.tellermate.com\\\/es\\\/sobre-nosotros-tellermate\\\/#primaryimage\"},\"image\":{\"@id\":\"https:\\\/\\\/www.tellermate.com\\\/es\\\/sobre-nosotros-tellermate\\\/#primaryimage\"},\"thumbnailUrl\":\"https:\\\/\\\/www.tellermate.com\\\/es\\\/wp-content\\\/uploads\\\/sites\\\/9\\\/2016\\\/06\\\/banner-sub.jpg\",\"datePublished\":\"2016-06-01T14:53:34+00:00\",\"dateModified\":\"2022-11-22T10:12:12+00:00\",\"description\":\"Tellermate provides cash management solutions, products and advice for some of the world's largest retailers, supermarkets and restaurant chains.\",\"breadcrumb\":{\"@id\":\"https:\\\/\\\/www.tellermate.com\\\/es\\\/sobre-nosotros-tellermate\\\/#breadcrumb\"},\"inLanguage\":\"en-US\",\"potentialAction\":[{\"@type\":\"ReadAction\",\"target\":[\"https:\\\/\\\/www.tellermate.com\\\/es\\\/sobre-nosotros-tellermate\\\/\"]}]},{\"@type\":\"ImageObject\",\"inLanguage\":\"en-US\",\"@id\":\"https:\\\/\\\/www.tellermate.com\\\/es\\\/sobre-nosotros-tellermate\\\/#primaryimage\",\"url\":\"https:\\\/\\\/www.tellermate.com\\\/es\\\/wp-content\\\/uploads\\\/sites\\\/9\\\/2016\\\/06\\\/banner-sub.jpg\",\"contentUrl\":\"https:\\\/\\\/www.tellermate.com\\\/es\\\/wp-content\\\/uploads\\\/sites\\\/9\\\/2016\\\/06\\\/banner-sub.jpg\",\"width\":1920,\"height\":350},{\"@type\":\"BreadcrumbList\",\"@id\":\"https:\\\/\\\/www.tellermate.com\\\/es\\\/sobre-nosotros-tellermate\\\/#breadcrumb\",\"itemListElement\":[{\"@type\":\"ListItem\",\"position\":1,\"name\":\"Home\",\"item\":\"https:\\\/\\\/www.tellermate.com\\\/es\\\/\"},{\"@type\":\"ListItem\",\"position\":2,\"name\":\"Sobre nosotros\"}]},{\"@type\":\"WebSite\",\"@id\":\"https:\\\/\\\/www.tellermate.com\\\/es\\\/#website\",\"url\":\"https:\\\/\\\/www.tellermate.com\\\/es\\\/\",\"name\":\"Tellermate Spain\",\"description\":\"Tellermate Spain\",\"publisher\":{\"@id\":\"https:\\\/\\\/www.tellermate.com\\\/es\\\/#organization\"},\"potentialAction\":[{\"@type\":\"SearchAction\",\"target\":{\"@type\":\"EntryPoint\",\"urlTemplate\":\"https:\\\/\\\/www.tellermate.com\\\/es\\\/?s={search_term_string}\"},\"query-input\":{\"@type\":\"PropertyValueSpecification\",\"valueRequired\":true,\"valueName\":\"search_term_string\"}}],\"inLanguage\":\"en-US\"},{\"@type\":\"Organization\",\"@id\":\"https:\\\/\\\/www.tellermate.com\\\/es\\\/#organization\",\"name\":\"Tellermate Spain\",\"url\":\"https:\\\/\\\/www.tellermate.com\\\/es\\\/\",\"logo\":{\"@type\":\"ImageObject\",\"inLanguage\":\"en-US\",\"@id\":\"https:\\\/\\\/www.tellermate.com\\\/es\\\/#\\\/schema\\\/logo\\\/image\\\/\",\"url\":\"https:\\\/\\\/www.tellermate.com\\\/es\\\/wp-content\\\/uploads\\\/sites\\\/9\\\/2022\\\/11\\\/Tellermate-logo-about-us-1024x218-1.png\",\"contentUrl\":\"https:\\\/\\\/www.tellermate.com\\\/es\\\/wp-content\\\/uploads\\\/sites\\\/9\\\/2022\\\/11\\\/Tellermate-logo-about-us-1024x218-1.png\",\"width\":\"1024\",\"height\":\"218\",\"caption\":\"Tellermate Spain\"},\"image\":{\"@id\":\"https:\\\/\\\/www.tellermate.com\\\/es\\\/#\\\/schema\\\/logo\\\/image\\\/\"},\"sameAs\":[\"https:\\\/\\\/www.facebook.com\\\/TellermateUK\\\/\",\"https:\\\/\\\/x.com\\\/Tellermate\",\"https:\\\/\\\/uk.linkedin.com\\\/company\\\/tellermate\",\"https:\\\/\\\/www.youtube.com\\\/channel\\\/UCM3JGD7r_jLesU5OSHHYvkA\"]}]}<\/script>\n<!-- \/ Yoast SEO plugin. -->","yoast_head_json":{"title":"Sobre nosotros | Tellermate","description":"Tellermate provides cash management solutions, products and advice for some of the world's largest retailers, supermarkets and restaurant chains.","robots":{"index":"index","follow":"follow","max-snippet":"max-snippet:-1","max-image-preview":"max-image-preview:large","max-video-preview":"max-video-preview:-1"},"canonical":"https:\/\/www.tellermate.com\/es\/sobre-nosotros-tellermate\/","og_locale":"en_US","og_type":"article","og_title":"Sobre nosotros | Tellermate","og_description":"Tellermate provides cash management solutions, products and advice for some of the world's largest retailers, supermarkets and restaurant chains.","og_url":"https:\/\/www.tellermate.com\/es\/sobre-nosotros-tellermate\/","og_site_name":"Tellermate Spain","article_publisher":"https:\/\/www.facebook.com\/TellermateUK\/","article_modified_time":"2022-11-22T10:12:12+00:00","og_image":[{"width":1920,"height":350,"url":"https:\/\/www.tellermate.com\/es\/wp-content\/uploads\/sites\/9\/2016\/06\/banner-sub.jpg","type":"image\/jpeg"}],"twitter_card":"summary_large_image","twitter_site":"@Tellermate","twitter_misc":{"Est. reading time":"6 minutes"},"schema":{"@context":"https:\/\/schema.org","@graph":[{"@type":"WebPage","@id":"https:\/\/www.tellermate.com\/es\/sobre-nosotros-tellermate\/","url":"https:\/\/www.tellermate.com\/es\/sobre-nosotros-tellermate\/","name":"Sobre nosotros | Tellermate","isPartOf":{"@id":"https:\/\/www.tellermate.com\/es\/#website"},"primaryImageOfPage":{"@id":"https:\/\/www.tellermate.com\/es\/sobre-nosotros-tellermate\/#primaryimage"},"image":{"@id":"https:\/\/www.tellermate.com\/es\/sobre-nosotros-tellermate\/#primaryimage"},"thumbnailUrl":"https:\/\/www.tellermate.com\/es\/wp-content\/uploads\/sites\/9\/2016\/06\/banner-sub.jpg","datePublished":"2016-06-01T14:53:34+00:00","dateModified":"2022-11-22T10:12:12+00:00","description":"Tellermate provides cash management solutions, products and advice for some of the world's largest retailers, supermarkets and restaurant chains.","breadcrumb":{"@id":"https:\/\/www.tellermate.com\/es\/sobre-nosotros-tellermate\/#breadcrumb"},"inLanguage":"en-US","potentialAction":[{"@type":"ReadAction","target":["https:\/\/www.tellermate.com\/es\/sobre-nosotros-tellermate\/"]}]},{"@type":"ImageObject","inLanguage":"en-US","@id":"https:\/\/www.tellermate.com\/es\/sobre-nosotros-tellermate\/#primaryimage","url":"https:\/\/www.tellermate.com\/es\/wp-content\/uploads\/sites\/9\/2016\/06\/banner-sub.jpg","contentUrl":"https:\/\/www.tellermate.com\/es\/wp-content\/uploads\/sites\/9\/2016\/06\/banner-sub.jpg","width":1920,"height":350},{"@type":"BreadcrumbList","@id":"https:\/\/www.tellermate.com\/es\/sobre-nosotros-tellermate\/#breadcrumb","itemListElement":[{"@type":"ListItem","position":1,"name":"Home","item":"https:\/\/www.tellermate.com\/es\/"},{"@type":"ListItem","position":2,"name":"Sobre nosotros"}]},{"@type":"WebSite","@id":"https:\/\/www.tellermate.com\/es\/#website","url":"https:\/\/www.tellermate.com\/es\/","name":"Tellermate Spain","description":"Tellermate Spain","publisher":{"@id":"https:\/\/www.tellermate.com\/es\/#organization"},"potentialAction":[{"@type":"SearchAction","target":{"@type":"EntryPoint","urlTemplate":"https:\/\/www.tellermate.com\/es\/?s={search_term_string}"},"query-input":{"@type":"PropertyValueSpecification","valueRequired":true,"valueName":"search_term_string"}}],"inLanguage":"en-US"},{"@type":"Organization","@id":"https:\/\/www.tellermate.com\/es\/#organization","name":"Tellermate Spain","url":"https:\/\/www.tellermate.com\/es\/","logo":{"@type":"ImageObject","inLanguage":"en-US","@id":"https:\/\/www.tellermate.com\/es\/#\/schema\/logo\/image\/","url":"https:\/\/www.tellermate.com\/es\/wp-content\/uploads\/sites\/9\/2022\/11\/Tellermate-logo-about-us-1024x218-1.png","contentUrl":"https:\/\/www.tellermate.com\/es\/wp-content\/uploads\/sites\/9\/2022\/11\/Tellermate-logo-about-us-1024x218-1.png","width":"1024","height":"218","caption":"Tellermate Spain"},"image":{"@id":"https:\/\/www.tellermate.com\/es\/#\/schema\/logo\/image\/"},"sameAs":["https:\/\/www.facebook.com\/TellermateUK\/","https:\/\/x.com\/Tellermate","https:\/\/uk.linkedin.com\/company\/tellermate","https:\/\/www.youtube.com\/channel\/UCM3JGD7r_jLesU5OSHHYvkA"]}]}},"_links":{"self":[{"href":"https:\/\/www.tellermate.com\/es\/wp-json\/wp\/v2\/pages\/10","targetHints":{"allow":["GET"]}}],"collection":[{"href":"https:\/\/www.tellermate.com\/es\/wp-json\/wp\/v2\/pages"}],"about":[{"href":"https:\/\/www.tellermate.com\/es\/wp-json\/wp\/v2\/types\/page"}],"author":[{"embeddable":true,"href":"https:\/\/www.tellermate.com\/es\/wp-json\/wp\/v2\/users\/1"}],"replies":[{"embeddable":true,"href":"https:\/\/www.tellermate.com\/es\/wp-json\/wp\/v2\/comments?post=10"}],"version-history":[{"count":88,"href":"https:\/\/www.tellermate.com\/es\/wp-json\/wp\/v2\/pages\/10\/revisions"}],"predecessor-version":[{"id":4410,"href":"https:\/\/www.tellermate.com\/es\/wp-json\/wp\/v2\/pages\/10\/revisions\/4410"}],"wp:featuredmedia":[{"embeddable":true,"href":"https:\/\/www.tellermate.com\/es\/wp-json\/wp\/v2\/media\/252"}],"wp:attachment":[{"href":"https:\/\/www.tellermate.com\/es\/wp-json\/wp\/v2\/media?parent=10"}],"curies":[{"name":"wp","href":"https:\/\/api.w.org\/{rel}","templated":true}]}}