{"id":661,"date":"2016-08-01T13:13:40","date_gmt":"2016-08-01T13:13:40","guid":{"rendered":"http:\/\/tellermate.spindogs4.co.uk\/?page_id=661"},"modified":"2025-08-18T09:57:13","modified_gmt":"2025-08-18T09:57:13","slug":"support","status":"publish","type":"page","link":"https:\/\/www.tellermate.com\/de\/support\/","title":{"rendered":"Support"},"content":{"rendered":"<h1 style=\"text-align: left\"><span dir=\"auto\" style=\"vertical-align: inherit\"><span dir=\"auto\" style=\"vertical-align: inherit\">T-Cover 2019<\/span><\/span><\/h1>\n<h4 style=\"text-align: left\"><span style=\"color: #0066a1\"><span dir=\"auto\" style=\"vertical-align: inherit\"><span dir=\"auto\" style=\"vertical-align: inherit\">Choose the right service plan for your business<\/span><\/span><\/span><\/h4>\n<p style=\"text-align: left\"><span dir=\"auto\" style=\"vertical-align: inherit\"><span dir=\"auto\" style=\"vertical-align: inherit\">Tellermate customers know they can count their cash drawers in less than 60 seconds, so they never want to count manually again. We&#8217;re so confident in the high quality of our market-leading money counting machines that we offer a 5-year warranty on our machines. For additional peace of mind and to ensure you can use your money counting machines without interruption, we also recommend considering our service packages&#8230;<\/span><\/span><\/p>\n<h4 style=\"text-align: left\"><span style=\"color: #0066a1\"><span dir=\"auto\" style=\"vertical-align: inherit\"><span dir=\"auto\" style=\"vertical-align: inherit\">Classic or Platinum<\/span><\/span><\/span><\/h4>\n<p><span dir=\"auto\" style=\"vertical-align: inherit\"><span dir=\"auto\" style=\"vertical-align: inherit\">Issues can usually be resolved over the phone by our dedicated helpline team within minutes. However, if our team is unable to resolve an issue over the phone, we will gladly replace your cash scale with our <\/span><\/span><strong><span dir=\"auto\" style=\"vertical-align: inherit\"><span dir=\"auto\" style=\"vertical-align: inherit\">exchange service<\/span><\/span><\/strong><span dir=\"auto\" style=\"vertical-align: inherit\"><span dir=\"auto\" style=\"vertical-align: inherit\"> , so you can count your cash as usual as quickly as possible. We can also assist you in preparing for <\/span><\/span><strong><span dir=\"auto\" style=\"vertical-align: inherit\"><span dir=\"auto\" style=\"vertical-align: inherit\">currency changes<\/span><\/span><\/strong><span dir=\"auto\" style=\"vertical-align: inherit\"><span dir=\"auto\" style=\"vertical-align: inherit\"> , as these may impact your cash counting processes.<\/span><\/span><\/p>\n<p><span dir=\"auto\" style=\"vertical-align: inherit\"><span dir=\"auto\" style=\"vertical-align: inherit\">Other practical problems require additional protection. Many of our customers also insure their <\/span><\/span><strong><span dir=\"auto\" style=\"vertical-align: inherit\"><span dir=\"auto\" style=\"vertical-align: inherit\">printers, cables, and batteries<\/span><\/span><\/strong><span dir=\"auto\" style=\"vertical-align: inherit\"><span dir=\"auto\" style=\"vertical-align: inherit\"> , for example, so you can skip the procurement process. No waiting required \u2013 Tellermate ensures everything can be back up and running as quickly as possible.<\/span><\/span><\/p>\n<p><span dir=\"auto\" style=\"vertical-align: inherit\"><span dir=\"auto\" style=\"vertical-align: inherit\">We can also insure you against water and liquid damage. Tellermate money counting machines are built to be very robust, but we understand that some environments are more demanding than others. Therefore, should your Tellermate machine stop working, a replacement can be provided.<\/span><\/span><\/p>\n<p><span dir=\"auto\" style=\"vertical-align: inherit\"><span dir=\"auto\" style=\"vertical-align: inherit\">Our team creates customized training materials for your employees and can provide you with up-to-date reports on call activity in your branches.<\/span><\/span><\/p>\n<p><span dir=\"auto\" style=\"vertical-align: inherit\"><span dir=\"auto\" style=\"vertical-align: inherit\">At Tellermate, we&#8217;re committed to keeping you on the right track when it comes to counting money.<\/span><\/span><\/p>\n<p style=\"text-align: left\"><strong><span dir=\"auto\" style=\"vertical-align: inherit\"><span dir=\"auto\" style=\"vertical-align: inherit\">Customer service telephone number: 01805 835 537<\/span><\/span><\/strong><\/p>\n<h4><span style=\"color: #0066a1\"><span dir=\"auto\" style=\"vertical-align: inherit\"><span dir=\"auto\" style=\"vertical-align: inherit\">Document Downloads<\/span><\/span><\/span><\/h4>\n<p><a href=\"http:\/\/info.tellermate.com\/hubfs\/T-Cover_2016_-_DE_4.pdf\" target=\"_blank\" rel=\"noopener noreferrer\"><span dir=\"auto\" style=\"vertical-align: inherit\"><span dir=\"auto\" style=\"vertical-align: inherit\">T-Cover PDF<\/span><\/span><\/a><\/p>\n<p><a href=\"http:\/\/info.tellermate.com\/hubfs\/Garantieerkl%C3%A4rung.pdf\"><span dir=\"auto\" style=\"vertical-align: inherit\"><span dir=\"auto\" style=\"vertical-align: inherit\">Warranty information<\/span><\/span><\/a><\/p>\n<h4><span dir=\"auto\" style=\"vertical-align: inherit\"><span dir=\"auto\" style=\"vertical-align: inherit\">Support Resources<\/span><\/span><\/h4>\n<p><a href=\"https:\/\/www.tellermate.com\/de\/produktionsende-von-ty-modellen\/\"><span dir=\"auto\" style=\"vertical-align: inherit\"><span dir=\"auto\" style=\"vertical-align: inherit\">TY End of Life<\/span><\/span><\/a><\/p>\n<p>&nbsp;<\/p>\n<h4 style=\"text-align: left\"><span style=\"color: #0066a1\"><span dir=\"auto\" style=\"vertical-align: inherit\"><span dir=\"auto\" style=\"vertical-align: inherit\">WEEE Policy<\/span><\/span><\/span><\/h4>\n<p><span dir=\"auto\" style=\"vertical-align: inherit\"><span dir=\"auto\" style=\"vertical-align: inherit\">Tellermate is committed to the proper disposal of all electrical and electronic equipment manufactured in our facility when it has reached the end of its useful life. Professional and commercial customers should therefore return any products to us for proper disposal if they are no longer functional. To arrange for the return of your old equipment, you can contact Tellermate at 01633 276 868. Please note that as part of this service, we are not obligated to cover the return costs of B2B WEEE goods.<\/span><\/span><\/p>\n<p><strong><span dir=\"auto\" style=\"vertical-align: inherit\"><span dir=\"auto\" style=\"vertical-align: inherit\">WEEE registration number<\/span><\/span><\/strong><span dir=\"auto\" style=\"vertical-align: inherit\"><span dir=\"auto\" style=\"vertical-align: inherit\"> : DE 29006236 <\/span><\/span><br \/>\n<strong><span dir=\"auto\" style=\"vertical-align: inherit\"><span dir=\"auto\" style=\"vertical-align: inherit\">Batteries registration number<\/span><\/span><\/strong><span dir=\"auto\" style=\"vertical-align: inherit\"><span dir=\"auto\" style=\"vertical-align: inherit\"> : 21006049<\/span><\/span><\/p>\n<p>&nbsp;<\/p>\n","protected":false},"excerpt":{"rendered":"<p>T-Cover 2019 Choose the right service plan for your business&#8230;<\/p>\n","protected":false},"author":1,"featured_media":0,"parent":0,"menu_order":0,"comment_status":"closed","ping_status":"closed","template":"","meta":{"_acf_changed":false,"content-type":"","footnotes":""},"class_list":["post-661","page","type-page","status-publish","hentry"],"acf":[],"yoast_head":"<!-- This site is optimized with the Yoast SEO plugin v27.4 - https:\/\/yoast.com\/product\/yoast-seo-wordpress\/ -->\n<title>Support - Tellermate Germany<\/title>\n<meta name=\"description\" content=\"Produkt Support, Handb\u00fccher, Servicepl\u00e4ne &amp; Helpline Informationen finden Sie hier. Unser Kundendienst steht Ihnen gern zur Verf\u00fcgung.\" \/>\n<meta name=\"robots\" content=\"index, follow, max-snippet:-1, max-image-preview:large, max-video-preview:-1\" \/>\n<link rel=\"canonical\" href=\"https:\/\/www.tellermate.com\/de\/support\/\" \/>\n<meta property=\"og:locale\" content=\"en_GB\" \/>\n<meta property=\"og:type\" content=\"article\" \/>\n<meta property=\"og:title\" content=\"Support - Tellermate Germany\" \/>\n<meta property=\"og:description\" content=\"Produkt Support, Handb\u00fccher, Servicepl\u00e4ne &amp; Helpline Informationen finden Sie hier. Unser Kundendienst steht Ihnen gern zur Verf\u00fcgung.\" \/>\n<meta property=\"og:url\" content=\"https:\/\/www.tellermate.com\/de\/support\/\" \/>\n<meta property=\"og:site_name\" content=\"Tellermate Germany\" \/>\n<meta property=\"article:publisher\" content=\"https:\/\/www.facebook.com\/TellermateUK\/\" \/>\n<meta property=\"article:modified_time\" content=\"2025-08-18T09:57:13+00:00\" \/>\n<meta name=\"twitter:card\" content=\"summary_large_image\" \/>\n<meta name=\"twitter:site\" content=\"@Tellermate\" \/>\n<meta name=\"twitter:label1\" content=\"Estimated reading time\" \/>\n\t<meta name=\"twitter:data1\" content=\"7 minutes\" \/>\n<script type=\"application\/ld+json\" class=\"yoast-schema-graph\">{\"@context\":\"https:\\\/\\\/schema.org\",\"@graph\":[{\"@type\":\"WebPage\",\"@id\":\"https:\\\/\\\/www.tellermate.com\\\/de\\\/support\\\/\",\"url\":\"https:\\\/\\\/www.tellermate.com\\\/de\\\/support\\\/\",\"name\":\"Support - Tellermate Germany\",\"isPartOf\":{\"@id\":\"https:\\\/\\\/www.tellermate.com\\\/de\\\/#website\"},\"datePublished\":\"2016-08-01T13:13:40+00:00\",\"dateModified\":\"2025-08-18T09:57:13+00:00\",\"description\":\"Produkt Support, Handb\u00fccher, Servicepl\u00e4ne & Helpline Informationen finden Sie hier. Unser Kundendienst steht Ihnen gern zur Verf\u00fcgung.\",\"breadcrumb\":{\"@id\":\"https:\\\/\\\/www.tellermate.com\\\/de\\\/support\\\/#breadcrumb\"},\"inLanguage\":\"en-GB\",\"potentialAction\":[{\"@type\":\"ReadAction\",\"target\":[\"https:\\\/\\\/www.tellermate.com\\\/de\\\/support\\\/\"]}]},{\"@type\":\"BreadcrumbList\",\"@id\":\"https:\\\/\\\/www.tellermate.com\\\/de\\\/support\\\/#breadcrumb\",\"itemListElement\":[{\"@type\":\"ListItem\",\"position\":1,\"name\":\"Home\",\"item\":\"https:\\\/\\\/www.tellermate.com\\\/de\\\/\"},{\"@type\":\"ListItem\",\"position\":2,\"name\":\"Support\"}]},{\"@type\":\"WebSite\",\"@id\":\"https:\\\/\\\/www.tellermate.com\\\/de\\\/#website\",\"url\":\"https:\\\/\\\/www.tellermate.com\\\/de\\\/\",\"name\":\"Tellermate Germany\",\"description\":\"Tellermate Germany\",\"publisher\":{\"@id\":\"https:\\\/\\\/www.tellermate.com\\\/de\\\/#organization\"},\"potentialAction\":[{\"@type\":\"SearchAction\",\"target\":{\"@type\":\"EntryPoint\",\"urlTemplate\":\"https:\\\/\\\/www.tellermate.com\\\/de\\\/?s={search_term_string}\"},\"query-input\":{\"@type\":\"PropertyValueSpecification\",\"valueRequired\":true,\"valueName\":\"search_term_string\"}}],\"inLanguage\":\"en-GB\"},{\"@type\":\"Organization\",\"@id\":\"https:\\\/\\\/www.tellermate.com\\\/de\\\/#organization\",\"name\":\"Tellermate Germany\",\"url\":\"https:\\\/\\\/www.tellermate.com\\\/de\\\/\",\"logo\":{\"@type\":\"ImageObject\",\"inLanguage\":\"en-GB\",\"@id\":\"https:\\\/\\\/www.tellermate.com\\\/de\\\/#\\\/schema\\\/logo\\\/image\\\/\",\"url\":\"https:\\\/\\\/www.tellermate.com\\\/de\\\/wp-content\\\/uploads\\\/sites\\\/7\\\/2022\\\/11\\\/Tellermate-logo-about-us-1024x218-1.png\",\"contentUrl\":\"https:\\\/\\\/www.tellermate.com\\\/de\\\/wp-content\\\/uploads\\\/sites\\\/7\\\/2022\\\/11\\\/Tellermate-logo-about-us-1024x218-1.png\",\"width\":\"1024\",\"height\":\"218\",\"caption\":\"Tellermate Germany\"},\"image\":{\"@id\":\"https:\\\/\\\/www.tellermate.com\\\/de\\\/#\\\/schema\\\/logo\\\/image\\\/\"},\"sameAs\":[\"https:\\\/\\\/www.facebook.com\\\/TellermateUK\\\/\",\"https:\\\/\\\/x.com\\\/Tellermate\",\"https:\\\/\\\/uk.linkedin.com\\\/company\\\/tellermate\",\"https:\\\/\\\/www.youtube.com\\\/channel\\\/UCM3JGD7r_jLesU5OSHHYvkA\"]}]}<\/script>\n<!-- \/ Yoast SEO plugin. -->","yoast_head_json":{"title":"Support - Tellermate Germany","description":"Produkt Support, Handb\u00fccher, Servicepl\u00e4ne & Helpline Informationen finden Sie hier. Unser Kundendienst steht Ihnen gern zur Verf\u00fcgung.","robots":{"index":"index","follow":"follow","max-snippet":"max-snippet:-1","max-image-preview":"max-image-preview:large","max-video-preview":"max-video-preview:-1"},"canonical":"https:\/\/www.tellermate.com\/de\/support\/","og_locale":"en_GB","og_type":"article","og_title":"Support - Tellermate Germany","og_description":"Produkt Support, Handb\u00fccher, Servicepl\u00e4ne & Helpline Informationen finden Sie hier. Unser Kundendienst steht Ihnen gern zur Verf\u00fcgung.","og_url":"https:\/\/www.tellermate.com\/de\/support\/","og_site_name":"Tellermate Germany","article_publisher":"https:\/\/www.facebook.com\/TellermateUK\/","article_modified_time":"2025-08-18T09:57:13+00:00","twitter_card":"summary_large_image","twitter_site":"@Tellermate","twitter_misc":{"Estimated reading time":"7 minutes"},"schema":{"@context":"https:\/\/schema.org","@graph":[{"@type":"WebPage","@id":"https:\/\/www.tellermate.com\/de\/support\/","url":"https:\/\/www.tellermate.com\/de\/support\/","name":"Support - Tellermate Germany","isPartOf":{"@id":"https:\/\/www.tellermate.com\/de\/#website"},"datePublished":"2016-08-01T13:13:40+00:00","dateModified":"2025-08-18T09:57:13+00:00","description":"Produkt Support, Handb\u00fccher, Servicepl\u00e4ne & Helpline Informationen finden Sie hier. Unser Kundendienst steht Ihnen gern zur Verf\u00fcgung.","breadcrumb":{"@id":"https:\/\/www.tellermate.com\/de\/support\/#breadcrumb"},"inLanguage":"en-GB","potentialAction":[{"@type":"ReadAction","target":["https:\/\/www.tellermate.com\/de\/support\/"]}]},{"@type":"BreadcrumbList","@id":"https:\/\/www.tellermate.com\/de\/support\/#breadcrumb","itemListElement":[{"@type":"ListItem","position":1,"name":"Home","item":"https:\/\/www.tellermate.com\/de\/"},{"@type":"ListItem","position":2,"name":"Support"}]},{"@type":"WebSite","@id":"https:\/\/www.tellermate.com\/de\/#website","url":"https:\/\/www.tellermate.com\/de\/","name":"Tellermate Germany","description":"Tellermate Germany","publisher":{"@id":"https:\/\/www.tellermate.com\/de\/#organization"},"potentialAction":[{"@type":"SearchAction","target":{"@type":"EntryPoint","urlTemplate":"https:\/\/www.tellermate.com\/de\/?s={search_term_string}"},"query-input":{"@type":"PropertyValueSpecification","valueRequired":true,"valueName":"search_term_string"}}],"inLanguage":"en-GB"},{"@type":"Organization","@id":"https:\/\/www.tellermate.com\/de\/#organization","name":"Tellermate Germany","url":"https:\/\/www.tellermate.com\/de\/","logo":{"@type":"ImageObject","inLanguage":"en-GB","@id":"https:\/\/www.tellermate.com\/de\/#\/schema\/logo\/image\/","url":"https:\/\/www.tellermate.com\/de\/wp-content\/uploads\/sites\/7\/2022\/11\/Tellermate-logo-about-us-1024x218-1.png","contentUrl":"https:\/\/www.tellermate.com\/de\/wp-content\/uploads\/sites\/7\/2022\/11\/Tellermate-logo-about-us-1024x218-1.png","width":"1024","height":"218","caption":"Tellermate Germany"},"image":{"@id":"https:\/\/www.tellermate.com\/de\/#\/schema\/logo\/image\/"},"sameAs":["https:\/\/www.facebook.com\/TellermateUK\/","https:\/\/x.com\/Tellermate","https:\/\/uk.linkedin.com\/company\/tellermate","https:\/\/www.youtube.com\/channel\/UCM3JGD7r_jLesU5OSHHYvkA"]}]}},"_links":{"self":[{"href":"https:\/\/www.tellermate.com\/de\/wp-json\/wp\/v2\/pages\/661","targetHints":{"allow":["GET"]}}],"collection":[{"href":"https:\/\/www.tellermate.com\/de\/wp-json\/wp\/v2\/pages"}],"about":[{"href":"https:\/\/www.tellermate.com\/de\/wp-json\/wp\/v2\/types\/page"}],"author":[{"embeddable":true,"href":"https:\/\/www.tellermate.com\/de\/wp-json\/wp\/v2\/users\/1"}],"replies":[{"embeddable":true,"href":"https:\/\/www.tellermate.com\/de\/wp-json\/wp\/v2\/comments?post=661"}],"version-history":[{"count":61,"href":"https:\/\/www.tellermate.com\/de\/wp-json\/wp\/v2\/pages\/661\/revisions"}],"predecessor-version":[{"id":5178,"href":"https:\/\/www.tellermate.com\/de\/wp-json\/wp\/v2\/pages\/661\/revisions\/5178"}],"wp:attachment":[{"href":"https:\/\/www.tellermate.com\/de\/wp-json\/wp\/v2\/media?parent=661"}],"curies":[{"name":"wp","href":"https:\/\/api.w.org\/{rel}","templated":true}]}}