{"id":1095,"date":"2016-09-12T13:01:24","date_gmt":"2016-09-12T13:01:24","guid":{"rendered":"http:\/\/tellermate.spindogs4.co.uk\/de\/?page_id=1095"},"modified":"2018-07-17T14:27:03","modified_gmt":"2018-07-17T14:27:03","slug":"terms-and-conditions","status":"publish","type":"page","link":"https:\/\/www.tellermate.com\/de\/terms-and-conditions\/","title":{"rendered":"Terms and Conditions"},"content":{"rendered":"<h1>Datenschutz Bestimmungen<\/h1>\n<p>Die Informationen auf dieser Webseite dienen ausschlie\u00dflich der Bereitstellung allgemeinener Information \u00fcber Tellermate.<\/p>\n<p>Obwohl Tellermate alle angemessenen Schritte unternommen hat, um die Genauigkeit aller Informationen auf dieser Webseite zum Zeitpunkt der Ver\u00f6ffentlichung sicherzustellen, kann Tellermate keine Haftung f\u00fcr Ungenauigkeiten oder Vers\u00e4umnisse \u00fcbernehmen.<\/p>\n<p>ALLE INFORMATIONEN AUF DIESER WEBSEITE WERDEN OHNE M\u00c4NGELGEW\u00c4HR UND OHNE GEW\u00c4HRLEISTUNGEN, ZUSICHERUNGEN ODER BEDINGUNGEN IRGENDEINER AUSDR\u00dcCKLICHEN ODER STILLSCHWEIGENDEN ART ZUR VERF\u00dcGUNG GESTELLT.<\/p>\n<p>DAR\u00dcBER HINAUS SCHLIESST TELLERMATE HIERMIT JEGLICHE HAFTUNG F\u00dcR JEDEN DIREKTEN, INDIREKTEN ODER FOLGESCHADEN, DER SICH AUS DEM ZUGRIFF ODER DER NUTZUNG DIESER WEBSEITE ERGEBEN ODER VERLASS AUF JEGLICHE INFORMATIONEN WELCHE HIER ENTHALTEN ODER ANDERWEITIG HIERVON BEZOGEN WURDEN.<\/p>\n<p>Tellermate \u00fcbernimmt keine Verpflichtung zur Aktualisierung des Inhalts dieser Webseite, beh\u00e4lt sich jedoch das Recht vor, jederzeit und ohne vorherige Ank\u00fcndigung, \u00c4nderungen an der Webseite vorzunehmen. Es wird keine Garantie oder Zusicherung erteilt, dass der Betrieb der Webseite fehlerfrei oder unterbrechungsfrei ist, oder dass diese Webseite oder der Server, der sie zur Verf\u00fcgung stellt, frei von Viren oder anderen sch\u00e4dlichen oder destruktiven Komponenten ist. Dar\u00fcber hinaus kann Tellermate keine Verantwortung f\u00fcr die Richtigkeit von Informationen \u00fcbernehmen, auf welche durch die Nutzung von Hypertext-Links zu Webseiten anderer Organisationen, zugegriffen werden kann. Tellermate haftet auch nicht f\u00fcr Verluste oder Sch\u00e4den, die sich aus dieser Verwendung ergeben.<\/p>\n<h3>Datenschutz- und Cookie-Richtlinien<\/h3>\n<p>Tellermate respektiert Ihre Daten und verpflichtet sich diese zu sch\u00fctzen. Wir m\u00f6chten Sie mit dieser Datenschutzerkl\u00e4rung \u00fcber unsere Datenschutz- und Cookie-Richtlinien informieren sowie deren Umsetzung. Sie k\u00f6nnen selbst ausw\u00e4hlen, welche Informationen online gesammelt und wie sie genutzt werden.<\/p>\n<h3>Gesammelte Informationen<\/h3>\n<p>Tellermate verwendet ein Webanalyse-Tool zur Analyse der Webseiten-Nutzung, wie Benutzer unsere Webseite finden, was sie auf der Webseite machen, welcher Browser genutzt wird und auf welchem Betriebssystem.<\/p>\n<h3>Cookies<\/h3>\n<p>Tellermate verwendet eine Anzahl verschiedener Cookies auf der Webseite. Erfahren Sie \u00fcber den Link <a href=\"http:\/\/www.aboutcookies.org\">http:\/\/www.aboutcookies.org<\/a> was Cookies sind, oder wie Sie diese kontrollieren bzw. entfernen k\u00f6nnen.<\/p>\n<p>Durch Anklicken des Buttons \u2018Akzeptieren\u2019 auf dem Cookie Banner unserer Webseite, erkl\u00e4ren Sie sich mit der Verwendung von Cookies und \u00e4hnlichen Tracking-Technologien einverstanden. Sobald Sie die Verwendung von Cookies und \u00e4hnlichen Tracking-Technologien auf der Webseite akzeptiert haben, werden Ihre Pr\u00e4ferenzen bez\u00fcglich der Verwendung der Cookies in Form eines Cookies f\u00fcr zuk\u00fcnftige Besuche auf der Webseite gespeichert, solange Sie die auf Ihren Ger\u00e4ten gespeicherten Cookies nicht entfernen. Wenn Sie die von uns verwendeten Cookies deaktivieren, sind einige Funktionen auf der Webseite m\u00f6glicherweise nicht mehr verf\u00fcgbar, abh\u00e4ngig von der Art der Cookies welche Sie deaktiviert haben.<\/p>\n<p>Falls Sie mit der Verwendung von Cookies und \u00e4hnlichen Tracking-Technologien nicht einverstanden sind, sollten Sie dies dementsprechend in Ihrem Browser einstellen. Sie haben jederzeit die M\u00f6glichkeit, Ihr Einverst\u00e4ndnis zu widerrufen und Ihre Auswahl zu \u00e4ndern, indem Sie Ihre Browsereinstellungen in Zukunft \u00e4ndern.<\/p>\n<p>Wenn Sie Ihr Einverst\u00e4ndnis zur Verwendung von Cookies auf dieser Webseite widerrufen m\u00f6chten, indem Sie Ihre Browsereinstellungen \u00e4ndern um Cookies zu blockieren, oder Benachrichtigungen bekommen wenn Cookies an Ihr Ger\u00e4t gesendet werden, k\u00f6nnen Sie dazu den Anleitungen in Ihrem Browser oder dem Hilfebildschirm folgen. Um mehr dar\u00fcber zu erfahren, wie Sie Ihre Browsereinstellungen anpassen oder \u00e4ndern k\u00f6nnen, besuchen Sie bitte die folgenden Seiten:<\/p>\n<p>\u2022 Google Chrome: <a href=\"https:\/\/support.google.com\/chrome\/answer\/95647?hl=en-GB&amp;hlrm=nl\">https:\/\/support.google.com\/chrome\/answer\/95647?hl=en-GB&amp;hlrm=nl<\/a><\/p>\n<p>\u2022 Internet Explorer: <a href=\"https:\/\/support.microsoft.com\/en-gb\/help\/17442\/windows-internet-explorer-delete-manage-cookies\">https:\/\/support.microsoft.com\/en-gb\/help\/17442\/windows-internet-explorer-delete-manage-cookies <\/a><\/p>\n<p>\u2022 Firefox: <a href=\"https:\/\/support.mozilla.org\/en-US\/kb\/enable-and-disable-cookies-website-preferences?s=cookies&amp;r=5&amp;as=s\">https:\/\/support.mozilla.org\/en-US\/kb\/enable-and-disable-cookies-website-preferences?s=cookies&amp;r=5&amp;as=s<\/a><\/p>\n<p>\u2022 Safari: <a href=\"https:\/\/support.apple.com\/kb\/PH5042?locale=en_US\">https:\/\/support.apple.com\/kb\/PH5042?locale=en_US<\/a><\/p>\n<p>Bitte beachten Sie, dass Webseiten dritter, die m\u00f6glicherweise mit dieser Webseite verlinkt sind, nicht in diesen Cookie-Richtlinien beinhaltet sind.<\/p>\n<p>&nbsp;<\/p>\n<p><strong>Cookies f\u00fcr Webseiten Analyse und Leistung.<\/strong><\/p>\n<p>Wir verwenden Google Analytics, um zu verstehen wie unsere Webseite verwendet wird und wie wir das Benutzererlebnis weiter verbessern k\u00f6nnen.<\/p>\n<p>Sie k\u00f6nnen mehr Informationen zu Google\u2019s Position zum Datenschutz bez\u00fcglich deren Analyse-Service unter <a href=\"http:\/\/www.google.com\/analytics\/learn\/privacy.html\">http:\/\/www.google.com\/analytics\/learn\/privacy.html<\/a>.\u00a0finden.<\/p>\n<h3><\/h3>\n<h3>Datensammlung und Nutzung<\/h3>\n<p>Bei Informationsanfragen \u00fcber diese Webseite k\u00f6nnen gewisse pers\u00f6nliche Daten ben\u00f6tigt werden. Pers\u00f6nliche Daten werden gesammelt bei Nutzung der Webseite, beim Anmelden zu Marketing-Aktivit\u00e4ten (z.B. Newsletter), beim Kauf von Produkten \u00fcber uns und beim Kontaktieren unseres Kundendienstes.<\/p>\n<p>Weiterhin werden Informationen zur Nutzung der Webseite gesammelt um die Funktionalit\u00e4t der Webseite zu verbessern. Dies beinhaltet IP Adressen, Anzahl der Seitenbesuche, verbrachte Zeit auf der Webseite etc.<\/p>\n<p>Beim abonieren von kostenlosen Neuigkeiten oder weiteren Informationen oder wenn Sie uns per Email kontaktieren, ben\u00f6tigen wir einige personenbezogene Daten Ihrerseits, z.B. Ihre Email-Adresse, Name und Telefonnummer. Ihre pers\u00f6nlichen Daten werden mit Bezug auf Ihre Anfrage bearbeitet um Ihnen angefragte Informationen, Waren, Produkte und Dienstleistungen anzubieten.<\/p>\n<p>Falls wir sensible personenbezogene Daten von Ihnen ben\u00f6tigen, erfolgt die Sammlung, Nutzung und Speicherung dieser unter strikter Einhaltung der geltenden gesetzlichen Regelungen des Datenschutzes.<\/p>\n<p>Das Sammeln und Verarbeiten pers\u00f6nlicher Daten erfolgt aus verschiedenen Gr\u00fcnden. Die Daten dienen der Verwaltung und Verbesserung unserer Webseite, zum Zusenden relevanter Marketing-Materialien und zur Verbesserung unserer Produkte und Dienstleistungen.<\/p>\n<p>Ihre pers\u00f6nlichen Daten k\u00f6nnten unter dem \u201elegitimen Interesse\u201c des neuen Datenschutzgesetzes (DSGVO, 2018) gesammelt und verarbeitet werden. Tellermate kann die \u00fcber diesen Weg gesammelten pers\u00f6nlichen Daten nutzen, um Sie \u00fcber unseres Marketing- oder Vertriebsteam zu kontaktieren, bei Interesse Ihrerseits bez\u00fcglich unserer Produkte und Dienstleistungen. Wir stellen zu jeder Zeit sicher, Ihre Rechte und Interessen nicht zu verletzen. Wenn Sie keine weiteren Mitteilungen von Tellermate erhalten m\u00f6chten, kontaktieren Sie uns bitte (Details dazu finden Sie unter dem Abschnitt \u201eZugriff auf Ihre pers\u00f6nlichen Daten\u201c in dieser Datenschutzerkl\u00e4rung)<\/p>\n<p><strong>Internationale Weiterleitung <\/strong><\/p>\n<p>Um diesen Service anzubieten, nehmen Sie bitte zur Kenntnis, dass wir Ihre pers\u00f6nlichen Daten unter den Mitgliedern der Tellermate Group teilen k\u00f6nnen, diese k\u00f6nnen sich auch au\u00dferhalb der EU befinden. Solten die Datenschutzrichtlinien in anderen L\u00e4ndern von denem in Ihrem Land abweichen, werden wir entsprechende Schritte einleiten, um Ihre pers\u00f6nlichen Daten &#8211; wie in dieser Datenschutzerkl\u00e4rung beschrieben \u2013 zu behandeln.<\/p>\n<p>Ihre pers\u00f6nlichen Daten werden nicht von uns verkauft oder au\u00dferhalb der Tellermate Group geteilt.<\/p>\n<h3>Datenspeicherung<\/h3>\n<p>Wir speichern Ihre pers\u00f6nlichen Daten nur so lange, wie es n\u00f6tig ist, um Ihnen spezifische Informationen\/Dienstleistungen bereitstellen zu k\u00f6nnen. Nach Ablauf dieser Zeit werden Ihre pers\u00f6nlichen Daten von unseren Datens\u00e4tzen gel\u00f6scht.<\/p>\n<p>Sie haben das Recht aus unserer Datenbank entfernt zu werden. Nach Erhalt Ihrer Anfrage auf Entfernung Ihrer Daten, wird Tellermate innerhalb von 48 Stunden (Werkzeit) Ihre Informationen aus unserem System l\u00f6schen.<\/p>\n<p><strong>Zugriff auf Ihre pers\u00f6nlichen Daten<\/strong><\/p>\n<p>F\u00fcr Anfragen bzgl. Ihrer gespeicherten Daten, deren Aktualisierung oder Korrektur, oder um Ihr Recht auf Entfernung Ihrer Daten geltend zu machen, wenden Sie sich bitte an unseren Datenschutzbeauftragten.<\/p>\n<p>Auf dem Postweg:<\/p>\n<p>Data Protection Officer<br \/>\n10-11 Leeway Industrial Estate<br \/>\nNewport<br \/>\nSouth Wales<br \/>\nUnited Kingdom<br \/>\nNP19 4SL<\/p>\n<p>Oder per Email:<br \/>\n<a href=\"mailto:dataprotection@tellermate.com\">dataprotection@tellermate.com\u00a0<\/a><\/p>\n<p><strong>Abbestellung von Mitteilungen<\/strong><\/p>\n<p>Sie k\u00f6nnen zu jeder Zeit Dienstleistungen\/Meldungen abbestellen. Wenn wir pers\u00f6nliche Daten speichern, geben wir Ihnen die M\u00f6glichkeit auszutreten, entweder indem wir auf eine Check-Box in Ihren bevorzugten Einstellungen verweisen (zug\u00e4nglich \u00fcber die Fu\u00dfzeile in jeder gesendeten Mitteilung von Tellermate, durch das Klicken auf den \u2018Unsubscribe\u2019-Link), oder per Email an <a href=\"mailto:dataprotection@tellermate.com\">dataprotection@tellermate.com<\/a><\/p>\n","protected":false},"excerpt":{"rendered":"<p>Datenschutz Bestimmungen Die Informationen auf dieser Webseite dienen ausschlie\u00dflich der&#8230;<\/p>\n","protected":false},"author":17,"featured_media":0,"parent":0,"menu_order":0,"comment_status":"closed","ping_status":"closed","template":"","meta":{"_acf_changed":false,"content-type":"","footnotes":""},"class_list":["post-1095","page","type-page","status-publish","hentry"],"acf":[],"yoast_head":"<!-- This site is optimized with the Yoast SEO plugin v27.4 - https:\/\/yoast.com\/product\/yoast-seo-wordpress\/ -->\n<title>Terms and Conditions - Tellermate Germany<\/title>\n<meta name=\"robots\" content=\"index, follow, max-snippet:-1, max-image-preview:large, max-video-preview:-1\" \/>\n<link rel=\"canonical\" href=\"https:\/\/www.tellermate.com\/de\/terms-and-conditions\/\" \/>\n<meta property=\"og:locale\" content=\"en_GB\" \/>\n<meta property=\"og:type\" content=\"article\" \/>\n<meta property=\"og:title\" content=\"Terms and Conditions - Tellermate Germany\" \/>\n<meta property=\"og:description\" content=\"Datenschutz Bestimmungen Die Informationen auf dieser Webseite dienen ausschlie\u00dflich der...\" \/>\n<meta property=\"og:url\" content=\"https:\/\/www.tellermate.com\/de\/terms-and-conditions\/\" \/>\n<meta property=\"og:site_name\" content=\"Tellermate Germany\" \/>\n<meta property=\"article:publisher\" content=\"https:\/\/www.facebook.com\/TellermateUK\/\" \/>\n<meta property=\"article:modified_time\" content=\"2018-07-17T14:27:03+00:00\" \/>\n<meta name=\"twitter:card\" content=\"summary_large_image\" \/>\n<meta name=\"twitter:site\" content=\"@Tellermate\" \/>\n<meta name=\"twitter:label1\" content=\"Estimated reading time\" \/>\n\t<meta name=\"twitter:data1\" content=\"6 minutes\" \/>\n<script type=\"application\/ld+json\" class=\"yoast-schema-graph\">{\"@context\":\"https:\\\/\\\/schema.org\",\"@graph\":[{\"@type\":\"WebPage\",\"@id\":\"https:\\\/\\\/www.tellermate.com\\\/de\\\/terms-and-conditions\\\/\",\"url\":\"https:\\\/\\\/www.tellermate.com\\\/de\\\/terms-and-conditions\\\/\",\"name\":\"Terms and Conditions - Tellermate Germany\",\"isPartOf\":{\"@id\":\"https:\\\/\\\/www.tellermate.com\\\/de\\\/#website\"},\"datePublished\":\"2016-09-12T13:01:24+00:00\",\"dateModified\":\"2018-07-17T14:27:03+00:00\",\"breadcrumb\":{\"@id\":\"https:\\\/\\\/www.tellermate.com\\\/de\\\/terms-and-conditions\\\/#breadcrumb\"},\"inLanguage\":\"en-GB\",\"potentialAction\":[{\"@type\":\"ReadAction\",\"target\":[\"https:\\\/\\\/www.tellermate.com\\\/de\\\/terms-and-conditions\\\/\"]}]},{\"@type\":\"BreadcrumbList\",\"@id\":\"https:\\\/\\\/www.tellermate.com\\\/de\\\/terms-and-conditions\\\/#breadcrumb\",\"itemListElement\":[{\"@type\":\"ListItem\",\"position\":1,\"name\":\"Home\",\"item\":\"https:\\\/\\\/www.tellermate.com\\\/de\\\/\"},{\"@type\":\"ListItem\",\"position\":2,\"name\":\"Terms and Conditions\"}]},{\"@type\":\"WebSite\",\"@id\":\"https:\\\/\\\/www.tellermate.com\\\/de\\\/#website\",\"url\":\"https:\\\/\\\/www.tellermate.com\\\/de\\\/\",\"name\":\"Tellermate Germany\",\"description\":\"Tellermate Germany\",\"publisher\":{\"@id\":\"https:\\\/\\\/www.tellermate.com\\\/de\\\/#organization\"},\"potentialAction\":[{\"@type\":\"SearchAction\",\"target\":{\"@type\":\"EntryPoint\",\"urlTemplate\":\"https:\\\/\\\/www.tellermate.com\\\/de\\\/?s={search_term_string}\"},\"query-input\":{\"@type\":\"PropertyValueSpecification\",\"valueRequired\":true,\"valueName\":\"search_term_string\"}}],\"inLanguage\":\"en-GB\"},{\"@type\":\"Organization\",\"@id\":\"https:\\\/\\\/www.tellermate.com\\\/de\\\/#organization\",\"name\":\"Tellermate Germany\",\"url\":\"https:\\\/\\\/www.tellermate.com\\\/de\\\/\",\"logo\":{\"@type\":\"ImageObject\",\"inLanguage\":\"en-GB\",\"@id\":\"https:\\\/\\\/www.tellermate.com\\\/de\\\/#\\\/schema\\\/logo\\\/image\\\/\",\"url\":\"https:\\\/\\\/www.tellermate.com\\\/de\\\/wp-content\\\/uploads\\\/sites\\\/7\\\/2022\\\/11\\\/Tellermate-logo-about-us-1024x218-1.png\",\"contentUrl\":\"https:\\\/\\\/www.tellermate.com\\\/de\\\/wp-content\\\/uploads\\\/sites\\\/7\\\/2022\\\/11\\\/Tellermate-logo-about-us-1024x218-1.png\",\"width\":\"1024\",\"height\":\"218\",\"caption\":\"Tellermate Germany\"},\"image\":{\"@id\":\"https:\\\/\\\/www.tellermate.com\\\/de\\\/#\\\/schema\\\/logo\\\/image\\\/\"},\"sameAs\":[\"https:\\\/\\\/www.facebook.com\\\/TellermateUK\\\/\",\"https:\\\/\\\/x.com\\\/Tellermate\",\"https:\\\/\\\/uk.linkedin.com\\\/company\\\/tellermate\",\"https:\\\/\\\/www.youtube.com\\\/channel\\\/UCM3JGD7r_jLesU5OSHHYvkA\"]}]}<\/script>\n<!-- \/ Yoast SEO plugin. -->","yoast_head_json":{"title":"Terms and Conditions - Tellermate Germany","robots":{"index":"index","follow":"follow","max-snippet":"max-snippet:-1","max-image-preview":"max-image-preview:large","max-video-preview":"max-video-preview:-1"},"canonical":"https:\/\/www.tellermate.com\/de\/terms-and-conditions\/","og_locale":"en_GB","og_type":"article","og_title":"Terms and Conditions - Tellermate Germany","og_description":"Datenschutz Bestimmungen Die Informationen auf dieser Webseite dienen ausschlie\u00dflich der...","og_url":"https:\/\/www.tellermate.com\/de\/terms-and-conditions\/","og_site_name":"Tellermate Germany","article_publisher":"https:\/\/www.facebook.com\/TellermateUK\/","article_modified_time":"2018-07-17T14:27:03+00:00","twitter_card":"summary_large_image","twitter_site":"@Tellermate","twitter_misc":{"Estimated reading time":"6 minutes"},"schema":{"@context":"https:\/\/schema.org","@graph":[{"@type":"WebPage","@id":"https:\/\/www.tellermate.com\/de\/terms-and-conditions\/","url":"https:\/\/www.tellermate.com\/de\/terms-and-conditions\/","name":"Terms and Conditions - Tellermate Germany","isPartOf":{"@id":"https:\/\/www.tellermate.com\/de\/#website"},"datePublished":"2016-09-12T13:01:24+00:00","dateModified":"2018-07-17T14:27:03+00:00","breadcrumb":{"@id":"https:\/\/www.tellermate.com\/de\/terms-and-conditions\/#breadcrumb"},"inLanguage":"en-GB","potentialAction":[{"@type":"ReadAction","target":["https:\/\/www.tellermate.com\/de\/terms-and-conditions\/"]}]},{"@type":"BreadcrumbList","@id":"https:\/\/www.tellermate.com\/de\/terms-and-conditions\/#breadcrumb","itemListElement":[{"@type":"ListItem","position":1,"name":"Home","item":"https:\/\/www.tellermate.com\/de\/"},{"@type":"ListItem","position":2,"name":"Terms and Conditions"}]},{"@type":"WebSite","@id":"https:\/\/www.tellermate.com\/de\/#website","url":"https:\/\/www.tellermate.com\/de\/","name":"Tellermate Germany","description":"Tellermate Germany","publisher":{"@id":"https:\/\/www.tellermate.com\/de\/#organization"},"potentialAction":[{"@type":"SearchAction","target":{"@type":"EntryPoint","urlTemplate":"https:\/\/www.tellermate.com\/de\/?s={search_term_string}"},"query-input":{"@type":"PropertyValueSpecification","valueRequired":true,"valueName":"search_term_string"}}],"inLanguage":"en-GB"},{"@type":"Organization","@id":"https:\/\/www.tellermate.com\/de\/#organization","name":"Tellermate Germany","url":"https:\/\/www.tellermate.com\/de\/","logo":{"@type":"ImageObject","inLanguage":"en-GB","@id":"https:\/\/www.tellermate.com\/de\/#\/schema\/logo\/image\/","url":"https:\/\/www.tellermate.com\/de\/wp-content\/uploads\/sites\/7\/2022\/11\/Tellermate-logo-about-us-1024x218-1.png","contentUrl":"https:\/\/www.tellermate.com\/de\/wp-content\/uploads\/sites\/7\/2022\/11\/Tellermate-logo-about-us-1024x218-1.png","width":"1024","height":"218","caption":"Tellermate Germany"},"image":{"@id":"https:\/\/www.tellermate.com\/de\/#\/schema\/logo\/image\/"},"sameAs":["https:\/\/www.facebook.com\/TellermateUK\/","https:\/\/x.com\/Tellermate","https:\/\/uk.linkedin.com\/company\/tellermate","https:\/\/www.youtube.com\/channel\/UCM3JGD7r_jLesU5OSHHYvkA"]}]}},"_links":{"self":[{"href":"https:\/\/www.tellermate.com\/de\/wp-json\/wp\/v2\/pages\/1095","targetHints":{"allow":["GET"]}}],"collection":[{"href":"https:\/\/www.tellermate.com\/de\/wp-json\/wp\/v2\/pages"}],"about":[{"href":"https:\/\/www.tellermate.com\/de\/wp-json\/wp\/v2\/types\/page"}],"author":[{"embeddable":true,"href":"https:\/\/www.tellermate.com\/de\/wp-json\/wp\/v2\/users\/17"}],"replies":[{"embeddable":true,"href":"https:\/\/www.tellermate.com\/de\/wp-json\/wp\/v2\/comments?post=1095"}],"version-history":[{"count":7,"href":"https:\/\/www.tellermate.com\/de\/wp-json\/wp\/v2\/pages\/1095\/revisions"}],"predecessor-version":[{"id":3631,"href":"https:\/\/www.tellermate.com\/de\/wp-json\/wp\/v2\/pages\/1095\/revisions\/3631"}],"wp:attachment":[{"href":"https:\/\/www.tellermate.com\/de\/wp-json\/wp\/v2\/media?parent=1095"}],"curies":[{"name":"wp","href":"https:\/\/api.w.org\/{rel}","templated":true}]}}