{"id":10,"date":"2016-06-01T14:53:34","date_gmt":"2016-06-01T14:53:34","guid":{"rendered":"http:\/\/tellermate.spindogs4.co.uk\/?page_id=10"},"modified":"2022-11-18T11:02:25","modified_gmt":"2022-11-18T11:02:25","slug":"uber-uns","status":"publish","type":"page","link":"https:\/\/www.tellermate.com\/de\/uber-uns\/","title":{"rendered":"\u00dcber Uns"},"content":{"rendered":"<h1 style=\"text-align: left;\">\u00dcber Uns<\/h1>\n<p style=\"text-align: left;\"><strong><span style=\"color: #0066a1;\">We\u2019re Tellermate. We&#8217;re people you can count on.<\/span><\/strong><\/p>\n<p style=\"text-align: left;\">Wir sind Tellermate. Unsere Cash Management L\u00f6sungen helfen Unternehmen auf der ganzen Welt ihr Bargeld schnell und akkurat zu z\u00e4hlen und zu verwalten. Seit wir vor \u00fcber 30 Jahre die Bargeldz\u00e4hlung durch Gewicht erfunden haben, machen wir nichts Anderes.<\/p>\n<p style=\"text-align: left;\">Heute z\u00e4hlt Tellermate Technologie \u00fcber eine Milliarde \u00a3 Bargeld pro Tag in \u00fcber 30 L\u00e4ndern. \u00dcber 250.000 Unternehmen vertrauen uns, darunter so bekannte Namen wie Adidas, Starbucks, Depot, Media Saturn und viele andere.<\/p>\n<p style=\"text-align: left;\"><img loading=\"lazy\" decoding=\"async\" class=\"size-full wp-image-1064 alignleft\" src=\"\/de\/wp-content\/uploads\/sites\/7\/2016\/06\/Logos-horizontalDE.jpg\" alt=\"Logos horizontal(DE)\" width=\"1156\" height=\"79\" srcset=\"https:\/\/www.tellermate.com\/de\/wp-content\/uploads\/sites\/7\/2016\/06\/Logos-horizontalDE.jpg 1156w, https:\/\/www.tellermate.com\/de\/wp-content\/uploads\/sites\/7\/2016\/06\/Logos-horizontalDE-300x21.jpg 300w, https:\/\/www.tellermate.com\/de\/wp-content\/uploads\/sites\/7\/2016\/06\/Logos-horizontalDE-768x52.jpg 768w, https:\/\/www.tellermate.com\/de\/wp-content\/uploads\/sites\/7\/2016\/06\/Logos-horizontalDE-1024x70.jpg 1024w\" sizes=\"auto, (max-width: 1156px) 100vw, 1156px\" \/><\/p>\n<p style=\"text-align: left;\">In unserem Hauptquartier in UK sind unsere Entwicklung, Forschung, Produktion und das Management beheimatet. \u00a0Unsere B\u00fcros in Atlanta, Paris, Heidelberg und Barcelona helfen uns, ma\u00dfgeschneiderte Cash Management L\u00f6sungen f\u00fcr unsere Kunden rund um den Globus zu entwickeln. So wird Bargeldschwund reduziert und die Nachverfolgung von Bargeld im POS erleichtert.<\/p>\n<p style=\"text-align: left;\"><span style=\"color: #0066a1;\"><strong>Was macht uns besonders?<\/strong><\/span><\/p>\n<p style=\"text-align: left;\">Wir wissen, dass jedes Unternehmen anders ist und wir glauben nicht an eine L\u00f6sung, die f\u00fcr alle passt. Wir nehmen uns die Zeit, die genauen Probleme unserer Kunden im Umgang mit Bargeld zu erfassen und pr\u00e4sentieren dann eine auf diesen Kunden zugeschnittene L\u00f6sung. So stellen wir sicher, dass unser Produkt dem Kunden erlaubt, sein Bargeld schneller, genauer, sicherer und effektiver zu verwalten.<\/p>\n<p style=\"text-align: left;\">Au\u00dferdem lassen wir Sie nicht allein, wenn Sie sich f\u00fcr ein Produkt von Tellermate entscheiden. Wir gehen auf Ihre Bed\u00fcrfnisse ein, bieten einen hervorragenden Kundenservice und arbeiten eng mit den Schl\u00fcsselabteilungen Ihres Unternehmens zusammen, wie Organisation, Revision, Buchhaltung und IT, um sicherzustellen, dass alle Bereiche Ihres Unternehmens von unserer Bargeld-L\u00f6sung profitieren.<\/p>\n<p style=\"text-align: left;\">Dazu nutzen wir einen Prozess mit 4 Stufen:<\/p>\n<ol style=\"text-align: left;\">\n<li><strong>Review<\/strong>: Wir betrachten Ihre Bargeld-Prozesse und finden die richtige L\u00f6sung f\u00fcr Ihr Unternehmen.<\/li>\n<li><strong>Pilot:<\/strong> W\u00e4hrend der Pilotphase testen wir unsere Ger\u00e4te direkt in Ihren POS, finden die richtige Variante und zeigen die Vorteile der Arbeit mit Tellermate Produkten.<\/li>\n<li><strong>Roll-out:<\/strong> Wir gliedern unsere ma\u00dfgeschneiderte L\u00f6sung so schonend wie m\u00f6glich in Ihre Gesch\u00e4fte ein und geben Ihren Mitarbeitern das Training und die Sicherheit, damit zu arbeiten.<\/li>\n<li><strong>Support:<\/strong> Wir geben mindestens 5 Jahre Garantie auf alle neuen T-i<sup>x<\/sup> Geldwaagen, bieten flexible Trainingsoptionen und einen erstklassigen Kundendienst, der Sie vor, w\u00e4hrend und nach Ihrem Kauf unterst\u00fctzt.<\/li>\n<\/ol>\n<p style=\"text-align: left;\">Aber was uns wirklich von anderen unterscheidet sind unsere Mitarbeiter. Uns sind unsere Kunden wichtig und das zeigt sich durch die Sorgfalt, Offenheit, Ehrlichkeit und das Bed\u00fcrfnis, f\u00fcr wirklich jedes Unternehmen die bestm\u00f6gliche L\u00f6sung zu finden. Also, falls Sie ein Team von Leuten suchen, die ein bisschen anders \u00fcber Bargeld Management denken, reden Sie mit Tellermate. Auf uns k\u00f6nnen Sie z\u00e4hlen.<\/p>\n<p style=\"text-align: left;\"><span style=\"color: #0066a1;\"><strong>Kommen Sie ins Team<\/strong><\/span><\/p>\n<p style=\"text-align: left;\">Wir suchen immer die besten und schlauesten K\u00f6pfe f\u00fcr unser Team. Ob in Kundenservice, Entwicklung, Buchhaltung oder Vertrieb &#8211; falls Sie in h\u00f6chstem Ma\u00dfe intern und extern kundenorientiert arbeiten, w\u00fcrden wir uns freuen, von Ihnen zu h\u00f6ren.<\/p>\n","protected":false},"excerpt":{"rendered":"<p>\u00dcber Uns We\u2019re Tellermate. We&#8217;re people you can count on&#8230;.<\/p>\n","protected":false},"author":1,"featured_media":252,"parent":0,"menu_order":0,"comment_status":"closed","ping_status":"closed","template":"archive-team.php","meta":{"_acf_changed":false,"content-type":"","footnotes":""},"class_list":["post-10","page","type-page","status-publish","has-post-thumbnail","hentry"],"acf":[],"yoast_head":"<!-- This site is optimized with the Yoast SEO plugin v27.4 - https:\/\/yoast.com\/product\/yoast-seo-wordpress\/ -->\n<title>\u00dcber Uns | Tellermate<\/title>\n<meta name=\"description\" content=\"Tellermate provides cash management solutions, products and advice for some of the world&#039;s largest retailers, supermarkets and restaurant chains.\" \/>\n<meta name=\"robots\" content=\"index, follow, max-snippet:-1, max-image-preview:large, max-video-preview:-1\" \/>\n<link rel=\"canonical\" href=\"https:\/\/www.tellermate.com\/de\/uber-uns\/\" \/>\n<meta property=\"og:locale\" content=\"en_GB\" \/>\n<meta property=\"og:type\" content=\"article\" \/>\n<meta property=\"og:title\" content=\"\u00dcber Uns | Tellermate\" \/>\n<meta property=\"og:description\" content=\"Tellermate provides cash management solutions, products and advice for some of the world&#039;s largest retailers, supermarkets and restaurant chains.\" \/>\n<meta property=\"og:url\" content=\"https:\/\/www.tellermate.com\/de\/uber-uns\/\" \/>\n<meta property=\"og:site_name\" content=\"Tellermate Germany\" \/>\n<meta property=\"article:publisher\" content=\"https:\/\/www.facebook.com\/TellermateUK\/\" \/>\n<meta property=\"article:modified_time\" content=\"2022-11-18T11:02:25+00:00\" \/>\n<meta property=\"og:image\" content=\"https:\/\/www.tellermate.com\/de\/wp-content\/uploads\/sites\/7\/2016\/06\/banner-sub.jpg\" \/>\n\t<meta property=\"og:image:width\" content=\"1920\" \/>\n\t<meta property=\"og:image:height\" content=\"350\" \/>\n\t<meta property=\"og:image:type\" content=\"image\/jpeg\" \/>\n<meta name=\"twitter:card\" content=\"summary_large_image\" \/>\n<meta name=\"twitter:site\" content=\"@Tellermate\" \/>\n<meta name=\"twitter:label1\" content=\"Estimated reading time\" \/>\n\t<meta name=\"twitter:data1\" content=\"3 minutes\" \/>\n<script type=\"application\/ld+json\" class=\"yoast-schema-graph\">{\"@context\":\"https:\\\/\\\/schema.org\",\"@graph\":[{\"@type\":\"WebPage\",\"@id\":\"https:\\\/\\\/www.tellermate.com\\\/de\\\/uber-uns\\\/\",\"url\":\"https:\\\/\\\/www.tellermate.com\\\/de\\\/uber-uns\\\/\",\"name\":\"\u00dcber Uns | Tellermate\",\"isPartOf\":{\"@id\":\"https:\\\/\\\/www.tellermate.com\\\/de\\\/#website\"},\"primaryImageOfPage\":{\"@id\":\"https:\\\/\\\/www.tellermate.com\\\/de\\\/uber-uns\\\/#primaryimage\"},\"image\":{\"@id\":\"https:\\\/\\\/www.tellermate.com\\\/de\\\/uber-uns\\\/#primaryimage\"},\"thumbnailUrl\":\"https:\\\/\\\/www.tellermate.com\\\/de\\\/wp-content\\\/uploads\\\/sites\\\/7\\\/2016\\\/06\\\/banner-sub.jpg\",\"datePublished\":\"2016-06-01T14:53:34+00:00\",\"dateModified\":\"2022-11-18T11:02:25+00:00\",\"description\":\"Tellermate provides cash management solutions, products and advice for some of the world's largest retailers, supermarkets and restaurant chains.\",\"breadcrumb\":{\"@id\":\"https:\\\/\\\/www.tellermate.com\\\/de\\\/uber-uns\\\/#breadcrumb\"},\"inLanguage\":\"en-GB\",\"potentialAction\":[{\"@type\":\"ReadAction\",\"target\":[\"https:\\\/\\\/www.tellermate.com\\\/de\\\/uber-uns\\\/\"]}]},{\"@type\":\"ImageObject\",\"inLanguage\":\"en-GB\",\"@id\":\"https:\\\/\\\/www.tellermate.com\\\/de\\\/uber-uns\\\/#primaryimage\",\"url\":\"https:\\\/\\\/www.tellermate.com\\\/de\\\/wp-content\\\/uploads\\\/sites\\\/7\\\/2016\\\/06\\\/banner-sub.jpg\",\"contentUrl\":\"https:\\\/\\\/www.tellermate.com\\\/de\\\/wp-content\\\/uploads\\\/sites\\\/7\\\/2016\\\/06\\\/banner-sub.jpg\",\"width\":1920,\"height\":350},{\"@type\":\"BreadcrumbList\",\"@id\":\"https:\\\/\\\/www.tellermate.com\\\/de\\\/uber-uns\\\/#breadcrumb\",\"itemListElement\":[{\"@type\":\"ListItem\",\"position\":1,\"name\":\"Home\",\"item\":\"https:\\\/\\\/www.tellermate.com\\\/de\\\/\"},{\"@type\":\"ListItem\",\"position\":2,\"name\":\"\u00dcber Uns\"}]},{\"@type\":\"WebSite\",\"@id\":\"https:\\\/\\\/www.tellermate.com\\\/de\\\/#website\",\"url\":\"https:\\\/\\\/www.tellermate.com\\\/de\\\/\",\"name\":\"Tellermate Germany\",\"description\":\"Tellermate Germany\",\"publisher\":{\"@id\":\"https:\\\/\\\/www.tellermate.com\\\/de\\\/#organization\"},\"potentialAction\":[{\"@type\":\"SearchAction\",\"target\":{\"@type\":\"EntryPoint\",\"urlTemplate\":\"https:\\\/\\\/www.tellermate.com\\\/de\\\/?s={search_term_string}\"},\"query-input\":{\"@type\":\"PropertyValueSpecification\",\"valueRequired\":true,\"valueName\":\"search_term_string\"}}],\"inLanguage\":\"en-GB\"},{\"@type\":\"Organization\",\"@id\":\"https:\\\/\\\/www.tellermate.com\\\/de\\\/#organization\",\"name\":\"Tellermate Germany\",\"url\":\"https:\\\/\\\/www.tellermate.com\\\/de\\\/\",\"logo\":{\"@type\":\"ImageObject\",\"inLanguage\":\"en-GB\",\"@id\":\"https:\\\/\\\/www.tellermate.com\\\/de\\\/#\\\/schema\\\/logo\\\/image\\\/\",\"url\":\"https:\\\/\\\/www.tellermate.com\\\/de\\\/wp-content\\\/uploads\\\/sites\\\/7\\\/2022\\\/11\\\/Tellermate-logo-about-us-1024x218-1.png\",\"contentUrl\":\"https:\\\/\\\/www.tellermate.com\\\/de\\\/wp-content\\\/uploads\\\/sites\\\/7\\\/2022\\\/11\\\/Tellermate-logo-about-us-1024x218-1.png\",\"width\":\"1024\",\"height\":\"218\",\"caption\":\"Tellermate Germany\"},\"image\":{\"@id\":\"https:\\\/\\\/www.tellermate.com\\\/de\\\/#\\\/schema\\\/logo\\\/image\\\/\"},\"sameAs\":[\"https:\\\/\\\/www.facebook.com\\\/TellermateUK\\\/\",\"https:\\\/\\\/x.com\\\/Tellermate\",\"https:\\\/\\\/uk.linkedin.com\\\/company\\\/tellermate\",\"https:\\\/\\\/www.youtube.com\\\/channel\\\/UCM3JGD7r_jLesU5OSHHYvkA\"]}]}<\/script>\n<!-- \/ Yoast SEO plugin. -->","yoast_head_json":{"title":"\u00dcber Uns | Tellermate","description":"Tellermate provides cash management solutions, products and advice for some of the world's largest retailers, supermarkets and restaurant chains.","robots":{"index":"index","follow":"follow","max-snippet":"max-snippet:-1","max-image-preview":"max-image-preview:large","max-video-preview":"max-video-preview:-1"},"canonical":"https:\/\/www.tellermate.com\/de\/uber-uns\/","og_locale":"en_GB","og_type":"article","og_title":"\u00dcber Uns | Tellermate","og_description":"Tellermate provides cash management solutions, products and advice for some of the world's largest retailers, supermarkets and restaurant chains.","og_url":"https:\/\/www.tellermate.com\/de\/uber-uns\/","og_site_name":"Tellermate Germany","article_publisher":"https:\/\/www.facebook.com\/TellermateUK\/","article_modified_time":"2022-11-18T11:02:25+00:00","og_image":[{"width":1920,"height":350,"url":"https:\/\/www.tellermate.com\/de\/wp-content\/uploads\/sites\/7\/2016\/06\/banner-sub.jpg","type":"image\/jpeg"}],"twitter_card":"summary_large_image","twitter_site":"@Tellermate","twitter_misc":{"Estimated reading time":"3 minutes"},"schema":{"@context":"https:\/\/schema.org","@graph":[{"@type":"WebPage","@id":"https:\/\/www.tellermate.com\/de\/uber-uns\/","url":"https:\/\/www.tellermate.com\/de\/uber-uns\/","name":"\u00dcber Uns | Tellermate","isPartOf":{"@id":"https:\/\/www.tellermate.com\/de\/#website"},"primaryImageOfPage":{"@id":"https:\/\/www.tellermate.com\/de\/uber-uns\/#primaryimage"},"image":{"@id":"https:\/\/www.tellermate.com\/de\/uber-uns\/#primaryimage"},"thumbnailUrl":"https:\/\/www.tellermate.com\/de\/wp-content\/uploads\/sites\/7\/2016\/06\/banner-sub.jpg","datePublished":"2016-06-01T14:53:34+00:00","dateModified":"2022-11-18T11:02:25+00:00","description":"Tellermate provides cash management solutions, products and advice for some of the world's largest retailers, supermarkets and restaurant chains.","breadcrumb":{"@id":"https:\/\/www.tellermate.com\/de\/uber-uns\/#breadcrumb"},"inLanguage":"en-GB","potentialAction":[{"@type":"ReadAction","target":["https:\/\/www.tellermate.com\/de\/uber-uns\/"]}]},{"@type":"ImageObject","inLanguage":"en-GB","@id":"https:\/\/www.tellermate.com\/de\/uber-uns\/#primaryimage","url":"https:\/\/www.tellermate.com\/de\/wp-content\/uploads\/sites\/7\/2016\/06\/banner-sub.jpg","contentUrl":"https:\/\/www.tellermate.com\/de\/wp-content\/uploads\/sites\/7\/2016\/06\/banner-sub.jpg","width":1920,"height":350},{"@type":"BreadcrumbList","@id":"https:\/\/www.tellermate.com\/de\/uber-uns\/#breadcrumb","itemListElement":[{"@type":"ListItem","position":1,"name":"Home","item":"https:\/\/www.tellermate.com\/de\/"},{"@type":"ListItem","position":2,"name":"\u00dcber Uns"}]},{"@type":"WebSite","@id":"https:\/\/www.tellermate.com\/de\/#website","url":"https:\/\/www.tellermate.com\/de\/","name":"Tellermate Germany","description":"Tellermate Germany","publisher":{"@id":"https:\/\/www.tellermate.com\/de\/#organization"},"potentialAction":[{"@type":"SearchAction","target":{"@type":"EntryPoint","urlTemplate":"https:\/\/www.tellermate.com\/de\/?s={search_term_string}"},"query-input":{"@type":"PropertyValueSpecification","valueRequired":true,"valueName":"search_term_string"}}],"inLanguage":"en-GB"},{"@type":"Organization","@id":"https:\/\/www.tellermate.com\/de\/#organization","name":"Tellermate Germany","url":"https:\/\/www.tellermate.com\/de\/","logo":{"@type":"ImageObject","inLanguage":"en-GB","@id":"https:\/\/www.tellermate.com\/de\/#\/schema\/logo\/image\/","url":"https:\/\/www.tellermate.com\/de\/wp-content\/uploads\/sites\/7\/2022\/11\/Tellermate-logo-about-us-1024x218-1.png","contentUrl":"https:\/\/www.tellermate.com\/de\/wp-content\/uploads\/sites\/7\/2022\/11\/Tellermate-logo-about-us-1024x218-1.png","width":"1024","height":"218","caption":"Tellermate Germany"},"image":{"@id":"https:\/\/www.tellermate.com\/de\/#\/schema\/logo\/image\/"},"sameAs":["https:\/\/www.facebook.com\/TellermateUK\/","https:\/\/x.com\/Tellermate","https:\/\/uk.linkedin.com\/company\/tellermate","https:\/\/www.youtube.com\/channel\/UCM3JGD7r_jLesU5OSHHYvkA"]}]}},"_links":{"self":[{"href":"https:\/\/www.tellermate.com\/de\/wp-json\/wp\/v2\/pages\/10","targetHints":{"allow":["GET"]}}],"collection":[{"href":"https:\/\/www.tellermate.com\/de\/wp-json\/wp\/v2\/pages"}],"about":[{"href":"https:\/\/www.tellermate.com\/de\/wp-json\/wp\/v2\/types\/page"}],"author":[{"embeddable":true,"href":"https:\/\/www.tellermate.com\/de\/wp-json\/wp\/v2\/users\/1"}],"replies":[{"embeddable":true,"href":"https:\/\/www.tellermate.com\/de\/wp-json\/wp\/v2\/comments?post=10"}],"version-history":[{"count":85,"href":"https:\/\/www.tellermate.com\/de\/wp-json\/wp\/v2\/pages\/10\/revisions"}],"predecessor-version":[{"id":4878,"href":"https:\/\/www.tellermate.com\/de\/wp-json\/wp\/v2\/pages\/10\/revisions\/4878"}],"wp:featuredmedia":[{"embeddable":true,"href":"https:\/\/www.tellermate.com\/de\/wp-json\/wp\/v2\/media\/252"}],"wp:attachment":[{"href":"https:\/\/www.tellermate.com\/de\/wp-json\/wp\/v2\/media?parent=10"}],"curies":[{"name":"wp","href":"https:\/\/api.w.org\/{rel}","templated":true}]}}